{"id":79,"date":"2023-04-28T19:57:55","date_gmt":"2023-04-28T19:57:55","guid":{"rendered":"http:\/\/fabryka-staroci.pl\/?page_id=79"},"modified":"2025-06-24T09:47:34","modified_gmt":"2025-06-24T09:47:34","slug":"regulamin-sklepu","status":"publish","type":"page","link":"http:\/\/fabryka-staroci.pl\/en\/regulamin-sklepu\/","title":{"rendered":"Regulamin sklepu"},"content":{"rendered":"<div data-elementor-type=\"wp-page\" data-elementor-id=\"79\" class=\"elementor elementor-79\">\n\t\t\t\t\t\t<section class=\"elementor-section elementor-top-section elementor-element elementor-element-52fd371b elementor-section-boxed elementor-section-height-default elementor-section-height-default\" data-id=\"52fd371b\" data-element_type=\"section\" data-e-type=\"section\">\n\t\t\t\t\t\t<div class=\"elementor-container elementor-column-gap-default\">\n\t\t\t\t\t<div class=\"elementor-column elementor-col-100 elementor-top-column elementor-element elementor-element-eff6c97\" data-id=\"eff6c97\" data-element_type=\"column\" data-e-type=\"column\">\n\t\t\t<div class=\"elementor-widget-wrap elementor-element-populated\">\n\t\t\t\t\t\t<div class=\"elementor-element elementor-element-4c1955f elementor-widget elementor-widget-text-editor\" data-id=\"4c1955f\" data-element_type=\"widget\" data-e-type=\"widget\" data-widget_type=\"text-editor.default\">\n\t\t\t\t<div class=\"elementor-widget-container\">\n\t\t\t\t\t\t\t\t\t<h2><b>Regulamin sklepu internetowego\u00a0<\/b><br \/><b>www.fabryka-staroci.pl<\/b><\/h2><p>\u00a71<\/p><p>Regulamin ten okre\u015bla zasady i zakres \u015bwiadczonych us\u0142ug przez sklep internetowy &#8211;\u00a0 FABRYKA STAROCI \u2013<br \/>PlayArt Artur Rudnicki, z siedzib\u0105 w Sanoku, 38-500 Sanok, przy \u00a0ul. Beksi\u0144skiego 4, REGON: 370383218, NIP:<br \/>6871174002.<\/p><p>\u00a72<\/p><p>Definicje:<br \/>&#8211; Sklep &#8211; sklep internetowy FABRYKA STAROCI prowadzony przez PlayArt Artur Rudnicki, dzia\u0142aj\u0105cy pod adresem<br \/>www.fabryka-staroci.pl<br \/>&#8211; Towar &#8211; Produkt oferowany do sprzeda\u017cy za po\u015brednictwem Sklepu zgodnie z niniejszym Regulaminem;<br \/>posiadaj\u0105cy cechy indywidualne, wymiar i stan zachowania okre\u015blony w opisie.<br \/>&#8211; Kupuj\u0105cy &#8211; U\u017cytkownik, kt\u00f3ry sk\u0142ada zam\u00f3wienie na zakup wybranego Towaru.<br \/>&#8211; Sprzedaj\u0105cy &#8211; Podmiot prowadz\u0105cy sklep internetowy \u2013 FABRYKA STAROCI, dokonuj\u0105cy sprzeda\u017cy Towar\u00f3w<br \/>serwisie zwanym dalej Sklepem<\/p><p>\u00a73<\/p><p>Zam\u00f3wienia od U\u017cytkownik\u00f3w przyjmowane s\u0105 poprzez Sklep, w drodze zawarcia za po\u015brednictwem Internetu<br \/>umowy sprzeda\u017cy, a w wyj\u0105tkowych przypadkach\u00a0 telefonicznie.<br \/>\u00a74<\/p><p>Sprzedaj\u0105cy uniemo\u017cliwia dost\u0119p do danych osobowych Klient\u00f3w osobom trzecim, z zastrze\u017ceniem, \u017ce w<br \/>okre\u015blonych sytuacjach ujawnienie danych mo\u017ce nast\u0105pi\u0107 z przyczyn nakazanych przez prawo.<\/p><p>\u00a75<\/p><p>Po z\u0142o\u017ceniu zam\u00f3wienia, Klient za po\u015brednictwem poczty elektronicznej (e-mail) zostaje powiadomiony o jego<br \/>przyj\u0119ciu przez FABRYK\u0118 STROCI (chwila zawarcia umowy sprzeda\u017cy pomi\u0119dzy Stronami).\u00a0<br \/>Potwierdzenie zam\u00f3wienia Kupuj\u0105cy otrzymuje w wiadomo\u015bci e-mail, w terminie 48 godzin\u00a0 od momentu<br \/>z\u0142o\u017cenia zam\u00f3wienia.<\/p><p>\u00a76<\/p><p>W zam\u00f3wieniu Klient dokonuje wyboru nabywanych towar\u00f3w, sposobu ich dostawy, adresu dostawy i sposobu<br \/>p\u0142atno\u015bci za z\u0142o\u017cone zam\u00f3wienie.<\/p><p>\u00a77<\/p><p>Zam\u00f3wienia realizowane s\u0105 zgodnie z kolejno\u015bci\u0105 ich otrzymywania do momentu wyczerpania zapas\u00f3w w<br \/>magazynie,\u00a0<span style=\"color: #222222; font-family: Arial, Helvetica, sans-serif; font-size: small;\">w terminie nie d\u0142u\u017cszym ni\u017c 3 dni roboczych od chwili zaksi\u0119gowania p\u0142atno\u015bci na koncie.<\/span><\/p><p>\u00a78<\/p><p>O brakach magazynowych Klient zostaje powiadamiany telefonicznie lub za po\u015brednictwem poczty e-mail. W<br \/>przypadku tymczasowego braku mo\u017cliwo\u015bci realizacji zam\u00f3wienia Klient podejmuje decyzj\u0119 o sposobie jego<br \/>dalszej realizacji (cz\u0119\u015bciowa realizacja, wyd\u0142u\u017cenie czasu oczekiwania, anulowanie ca\u0142o\u015bci zam\u00f3wienia).<\/p><p>\u00a79<\/p><p>W przypadku niepe\u0142nych danych teleadresowych (np. brak adresu nabywcy) w zam\u00f3wieniu Sprzedaj\u0105cy<br \/>zastrzega sobie prawo do nie realizowania zam\u00f3wienia.<br \/>W przypadku nie podj\u0119cia przez kupuj\u0105cego przesy\u0142ki w terminie po awizowaniu, kupuj\u0105cy ponosi r\u00f3wnie\u017c koszt<\/p><p>jej zwrotu do Sprzedaj\u0105cego. Ponowne dostarczenie jest mo\u017cliwe dopiero po uregulowaniu z g\u00f3ry koszt\u00f3w<br \/>zar\u00f3wno pierwszej jak i ponownej wysy\u0142ki, je\u017celi zdecyduje si\u0119 na ponown\u0105 wysy\u0142k\u0119 zam\u00f3wienia.<\/p><p>\u00a710<\/p><p>Ceny towar\u00f3w prezentowanych w sklepie podawane s\u0105 w z\u0142otych polskich i s\u0105 one wi\u0105\u017c\u0105ce w momencie<br \/>z\u0142o\u017cenia przez Klienta zam\u00f3wienia.<br \/>Sprzedaj\u0105cy zastrzega sobie mo\u017cliwo\u015b\u0107 zmiany cen towar\u00f3w znajduj\u0105cych si\u0119 w ofercie oraz odwo\u0142ywania<br \/>promocji. Wy\u017cej wymienione zmiany nie maj\u0105 wp\u0142ywu na ceny towar\u00f3w, na kt\u00f3re zam\u00f3wienie zosta\u0142o z\u0142o\u017cone<br \/>przed wej\u015bciem w \u017cycie tych zmian.<\/p><p>\u00a711<\/p><p>Cena wy\u015bwietlana na karcie produktu nie uwzgl\u0119dnia op\u0142aty za przesy\u0142k\u0119.<br \/>Koszty przesy\u0142ki uzale\u017cnione s\u0105 od wymiar\u00f3w, wagi przedmiotu, tworzywa z jakiego s\u0105 wykonane (szk\u0142o, metal,<br \/>drewno itp.) oraz od ilo\u015bci zakupionych towar\u00f3w i przedstawiaj\u0105 si\u0119 nastepuj\u0105co:<br \/>&#8211; odbi\u00f3r osobisty \u00a0w siedzibie FABRYKA STAROCI &#8211; 00 pln &#8211; ze wzgl\u0119d\u00f3w podatkowych wymagana jest<br \/>przedp\u0142ata na rachunek bankowy<br \/>&#8211; paczka ma\u0142a 25 pln<br \/>&#8211; paczka \u015brednia 30 pln<br \/>&#8211; paczka du\u017ca 40 pln<br \/>&#8211; list polecony 12 pln<\/p><p>\u00a712<\/p><p>Sklep oferuje formy p\u0142atno\u015bci:<br \/>a) przelewem z g\u00f3ry (przedp\u0142ata) na rachunek bankowy:<br \/>PEKAO SA nr konta: 93 1240 2340 1111 0010 5657 4143<br \/>b) p\u0142atno\u015bci internetowe (w tym karta kredytowa), kt\u00f3re realizowane s\u0105 za po\u015brednictwem Bezpiecznych<br \/>P\u0142atno\u015bci<\/p><p>\u00a713<\/p><p>Zam\u00f3wione przez Kupuj\u0105cego Towary dostarczane s\u0105 zgodnie z jego wyborem\u00a0 na adres podany w formularzu<br \/>zam\u00f3wienia za po\u015brednictwem dor\u0119czyciela lub Kupuj\u0105cy dokonuje odbioru osobistego Towaru w siedzibie<br \/>Sklepu: ul. Beksi\u0144skiego 4, 38-500 Sanok od poniedzia\u0142ku do pi\u0105tku w godzinach od 10.00 \u2013 18.00 po<br \/>uprzednim kontakcie telefonicznym.<\/p><p>\u00a714<\/p><p>Ewentualne reklamacje dotycz\u0105ce nabytego towaru (w tym uszkodzenia towaru, uszkodzenia przesy\u0142ki, b\u0142\u0119dna<br \/>realizacja zam\u00f3wienia z winy Sprzedaj\u0105cego) powinny by\u0107 sk\u0142adane przez Kupuj\u0105cego pisemnie wraz z<br \/>jednoczesnym dostarczeniem reklamowanego towaru do siedziby Sprzedaj\u0105cego.<br \/>Reklamacje powinny zawiera\u0107 numer zam\u00f3wienia, dat\u0119 z\u0142o\u017cenia reklamacji,\u00a0 nazw\u0119 towaru, zakres reklamacji<br \/>oraz inne dokumenty po\u015bwiadczaj\u0105ce \u017c\u0105danie Kupuj\u0105cego (np. protok\u00f3\u0142 reklamacji spisany w obecno\u015bci<br \/>dor\u0119czyciela stwierdzaj\u0105cy uszkodzenia przesy\u0142ki podczas transportu oraz dodatkowo ewentualne fotografie<br \/>stwierdzaj\u0105ce zaistnia\u0142e zdarzenie).<br \/>Sk\u0142adaj\u0105c reklamacj\u0119 Kupuj\u0105cy powinien dostarczy\u0107 reklamowany towar nale\u017cycie zapakowany, wraz z<br \/>wszelkimi dokumentami wydanymi przy zakupie towaru. Termin na rozpatrzenie reklamacji liczy si\u0119 od dnia<br \/>dostarczenia reklamowanego towaru do siedziby Sprzedaj\u0105cego.<br \/>Sprzedaj\u0105cy rozpatruje reklamacj\u0119\u00a0bez zb\u0119dnej zw\u0142oki, nie p\u00f3\u017aniej ni\u017c\u00a0w terminie 14 dni od dnia otrzymania<\/p><p>pisma i przedmiotu reklamacji. Odpowied\u017a na reklamacj\u0119 wysy\u0142ana jest w formie elektronicznej na adres<br \/>Kupuj\u0105cego podany w formularzu rejestracyjnym lub pisemnie na jego adres korespondencyjny.<br \/>Wszelkie w\u0105tpliwo\u015bci i zapytania dotycz\u0105ce oferowanych towar\u00f3w oraz zwi\u0105zane z realizacj\u0105 zam\u00f3wienia<br \/>powinny by\u0107 kierowane na nast\u0119puj\u0105ce dane kontaktowe:<br \/>PlayArt Artur Rudnicki, ul. Beksi\u0144skiego 4, 38-500 Sanok<br \/>tel. 733\u00a0730 333\u00a0<br \/>biuro@fabryka-staroci.pl<\/p><p>\u00a715<\/p><p>Zwroty: zgodnie z Ustaw\u0105 z dnia 30 maja 2014 r. &amp;quot;o prawach konsumenta&amp;quot; (Dz, U. 2014 poz. 827), Kupuj\u0105cy,<br \/>kt\u00f3ry zawar\u0142 umow\u0119 na odleg\u0142o\u015b\u0107, mo\u017ce od niej odst\u0105pi\u0107 bez podania przyczyny w terminie 14 dni.<br \/>W tym celu Klient zoobligowany jest do z\u0142o\u017cenia na pi\u015bmie stosownego o\u015bwiadczenia w ci\u0105gu 14 dni od daty<br \/>otrzymania towaru.<br \/>Zwrot towaru do sprzedawcy powinien nast\u0105pi\u0107 niezw\u0142ocznie, nie p\u00f3\u017aniej ni\u017c w terminie 14 dni od momentu<br \/>odst\u0105pienia od daty z\u0142o\u017cenia o\u015bwiadczenia o odst\u0105pieniu od umowy kupna\/sprzeda\u017cy.<br \/>Zgodnie z ustaw\u0105 zwracany towar powinien by\u0107 w stanie niezmienionym i nale\u017cycie opakowany do wysy\u0142ki<br \/>zwrotnej. Towary przeznaczone do zwrotu nale\u017cy odes\u0142a\u0107 na adres siedziby sklepu tj. PlayArt Artur Rudnicki, ul. Beksi\u0144skiego 4. Zwroty wys\u0142ane za pobraniem nie b\u0119d\u0105 odbierane.<br \/>Zwrot pieni\u0119dzy za zwr\u00f3cone towary oraz przesy\u0142k\u0119 zwrotn\u0105, zostanie dokonany przez sprzedawc\u0119<br \/>niezw\u0142ocznie, nie p\u00f3\u017aniej ni\u017c w terminie czternastu dni na numer rachunku bankowego klienta wskazany w<br \/>o\u015bwiadczeniu o odst\u0105pieniu od umowy.<\/p><p>\u00a716<\/p><p>Sprzedaj\u0105cy dok\u0142ada wszelkich stara\u0144, aby oferta ze strony sklepu www.fabryka-staroci.pl by\u0142a rzetelna i jak<br \/>najdok\u0142adniej odpowiada\u0142a rzeczywisto\u015bci.<br \/>Szczeg\u00f3lnie wa\u017cne postanowienia ko\u0144cowe:<br \/>&#8211; Realizacja zam\u00f3wie\u0144 Kupuj\u0105cego mo\u017cliwa jest jedynie na terytorium Rzeczypospolitej Polskiej.<br \/>&#8211; Informacje dotycz\u0105ce Towar\u00f3w podane na stronach Sklepu nie stanowi\u0105 oferty w rozumieniu Kodeksu<br \/>Cywilnego.<br \/>&#8211; Nazwy producent\u00f3w i marki nale\u017c\u0105 do ich w\u0142a\u015bcicieli i prezentowane s\u0105 w sklepie wy\u0142\u0105cznie w celach<br \/>informacyjnych<br \/>&#8211; R\u00f3\u017cnice wynikaj\u0105ce z indywidualnych ustawie\u0144 komputera klienta (kolor, proporcje itp.) nie mog\u0105 by\u0107<br \/>podstaw\u0105 reklamacji zakupionego towaru.<br \/>&#8211; Wszystkie prawa do wizerunku strony a tak\u017ce materia\u0142\u00f3w (zdj\u0119\u0107 i opis\u00f3w) umieszczonych na stronie s\u0105<br \/>zastrze\u017cone. Bez zgody w\u0142a\u015bciciela praw autorskich, autora tre\u015bci strony, \u017cadna cz\u0119\u015b\u0107 tej publikacji nie mo\u017ce<br \/>by\u0107 powielana, kopiowana, reprodukowana, ani przechowywana w systemach wyszukiwania lub umieszczana<br \/>na innej stronie WWW. Nie mo\u017ce tez by\u0107 przekazywana w \u017cadnej formie i \u017cadnymi \u015brodkami elektronicznymi,<br \/>mechanicznymi, za po\u015brednictwem fotokopiarek, na p\u0142ytach CD i DVD, czy w inny dost\u0119pny technologicznie<br \/>spos\u00f3b. Wykorzystywanie zdj\u0119\u0107 i opis\u00f3w w ca\u0142o\u015bci lub fragmentach bez zgody ich autora jest zawsze<br \/>naruszeniem prawa autorskiego, zgodnie z Ustaw\u0105 z dnia 4 lutego 1994r<br \/>&#8211; Niniejszy Regulamin obowi\u0105zuje od dnia 02. 06. 2023 r.<\/p><p><!-- \/wp:paragraph --><\/p>\t\t\t\t\t\t\t\t<\/div>\n\t\t\t\t<\/div>\n\t\t\t\t\t<\/div>\n\t\t<\/div>\n\t\t\t\t\t<\/div>\n\t\t<\/section>\n\t\t\t\t<\/div>","protected":false},"excerpt":{"rendered":"<p>Regulamin sklepu internetowego\u00a0www.fabryka-staroci.pl \u00a71 Regulamin ten okre\u015bla zasady i zakres \u015bwiadczonych us\u0142ug przez sklep internetowy &#8211;\u00a0 FABRYKA STAROCI \u2013PlayArt Artur Rudnicki, z siedzib\u0105 w Sanoku, 38-500 Sanok, przy \u00a0ul. Beksi\u0144skiego 4, REGON: 370383218, NIP:6871174002. \u00a72 Definicje:&#8211; Sklep &#8211; sklep internetowy FABRYKA STAROCI prowadzony przez PlayArt Artur Rudnicki, dzia\u0142aj\u0105cy pod adresemwww.fabryka-staroci.pl&#8211; Towar &#8211; Produkt oferowany do [&hellip;]<\/p>\n","protected":false},"author":1,"featured_media":0,"parent":0,"menu_order":0,"comment_status":"closed","ping_status":"closed","template":"","meta":{"footnotes":""},"class_list":["post-79","page","type-page","status-publish","hentry"],"_links":{"self":[{"href":"http:\/\/fabryka-staroci.pl\/en\/wp-json\/wp\/v2\/pages\/79","targetHints":{"allow":["GET"]}}],"collection":[{"href":"http:\/\/fabryka-staroci.pl\/en\/wp-json\/wp\/v2\/pages"}],"about":[{"href":"http:\/\/fabryka-staroci.pl\/en\/wp-json\/wp\/v2\/types\/page"}],"author":[{"embeddable":true,"href":"http:\/\/fabryka-staroci.pl\/en\/wp-json\/wp\/v2\/users\/1"}],"replies":[{"embeddable":true,"href":"http:\/\/fabryka-staroci.pl\/en\/wp-json\/wp\/v2\/comments?post=79"}],"version-history":[{"count":28,"href":"http:\/\/fabryka-staroci.pl\/en\/wp-json\/wp\/v2\/pages\/79\/revisions"}],"predecessor-version":[{"id":1733,"href":"http:\/\/fabryka-staroci.pl\/en\/wp-json\/wp\/v2\/pages\/79\/revisions\/1733"}],"wp:attachment":[{"href":"http:\/\/fabryka-staroci.pl\/en\/wp-json\/wp\/v2\/media?parent=79"}],"curies":[{"name":"wp","href":"https:\/\/api.w.org\/{rel}","templated":true}]}}