{"id":1099,"date":"2023-08-07T19:07:03","date_gmt":"2023-08-07T19:07:03","guid":{"rendered":"https:\/\/fabryka-staroci.pl\/?post_type=product&#038;p=1099"},"modified":"2023-09-28T07:33:20","modified_gmt":"2023-09-28T07:33:20","slug":"reklama-camel","status":"publish","type":"product","link":"http:\/\/fabryka-staroci.pl\/en\/product\/reklama-camel\/","title":{"rendered":"Reklama CAMEL"},"content":{"rendered":"<p>Reklama papieros\u00f3w CAMEL. Jest pod\u015bwietlana (litery oraz wielb\u0142\u0105d), sprawna. Wymiary ramy; 74cm x 64cm x 2cm, natomiast wn\u0119trza: 46cm x 37cm.<\/p>","protected":false},"excerpt":{"rendered":"<p>Reklama papieros\u00f3w CAMEL. Jest pod\u015bwietlana (litery oraz wielb\u0142\u0105d), sprawna. Wymiary ramy; 74cm x 64cm x 2cm, natomiast wn\u0119trza: 46cm x 37cm.<\/p>","protected":false},"featured_media":1055,"template":"","meta":[],"product_brand":[],"product_cat":[29,34],"product_tag":[],"class_list":{"0":"post-1099","1":"product","2":"type-product","3":"status-publish","4":"has-post-thumbnail","6":"product_cat-dekoracje","7":"product_cat-stara-reklama","8":"product_shipping_class-duze-przedmioty","10":"first","11":"instock","12":"shipping-taxable","13":"purchasable","14":"product-type-simple"},"_links":{"self":[{"href":"http:\/\/fabryka-staroci.pl\/en\/wp-json\/wp\/v2\/product\/1099","targetHints":{"allow":["GET"]}}],"collection":[{"href":"http:\/\/fabryka-staroci.pl\/en\/wp-json\/wp\/v2\/product"}],"about":[{"href":"http:\/\/fabryka-staroci.pl\/en\/wp-json\/wp\/v2\/types\/product"}],"wp:featuredmedia":[{"embeddable":true,"href":"http:\/\/fabryka-staroci.pl\/en\/wp-json\/wp\/v2\/media\/1055"}],"wp:attachment":[{"href":"http:\/\/fabryka-staroci.pl\/en\/wp-json\/wp\/v2\/media?parent=1099"}],"wp:term":[{"taxonomy":"product_brand","embeddable":true,"href":"http:\/\/fabryka-staroci.pl\/en\/wp-json\/wp\/v2\/product_brand?post=1099"},{"taxonomy":"product_cat","embeddable":true,"href":"http:\/\/fabryka-staroci.pl\/en\/wp-json\/wp\/v2\/product_cat?post=1099"},{"taxonomy":"product_tag","embeddable":true,"href":"http:\/\/fabryka-staroci.pl\/en\/wp-json\/wp\/v2\/product_tag?post=1099"}],"curies":[{"name":"wp","href":"https:\/\/api.w.org\/{rel}","templated":true}]}}