{"id":1162,"date":"2023-09-11T10:09:30","date_gmt":"2023-09-11T10:09:30","guid":{"rendered":"https:\/\/fabryka-staroci.pl\/?post_type=product&#038;p=1162"},"modified":"2023-09-11T10:09:46","modified_gmt":"2023-09-11T10:09:46","slug":"2-gry-fliper-2","status":"publish","type":"product","link":"http:\/\/fabryka-staroci.pl\/en\/product\/2-gry-fliper-2\/","title":{"rendered":"2 gry fliper"},"content":{"rendered":"<p>Dwie klasyczne gry pinball z lat 1950-1960. Pi\u0119kne, stare, wykonane z drewna gry pinball. W zestawie oryginalne, metalowe kulki. Kraj pochodzenia Holandia. Na spodzie znajduje si\u0119 podp\u00f3rka dzi\u0119ki, kt\u00f3rej flipper jest pochylony. Mog\u0105 stanowi\u0107 wystr\u00f3j wn\u0119trza dziecinnego pokoju lub jako przedmioty kolekcjonerskie. Wysoko\u015b\u0107 60cm, szeroko\u015b\u0107 30cm i g\u0142\u0119boko\u015b\u0107 3cm.<\/p>","protected":false},"excerpt":{"rendered":"<p>Dwie klasyczne gry pinball z lat 1950-1960. Pi\u0119kne, stare, wykonane z drewna gry pinball. W zestawie oryginalne, metalowe kulki. Kraj pochodzenia Holandia. Na spodzie znajduje si\u0119 podp\u00f3rka dzi\u0119ki, kt\u00f3rej flipper jest pochylony. Mog\u0105 stanowi\u0107 wystr\u00f3j wn\u0119trza dziecinnego pokoju lub jako przedmioty kolekcjonerskie. Wysoko\u015b\u0107 60cm, szeroko\u015b\u0107 30cm i g\u0142\u0119boko\u015b\u0107 3cm.<\/p>","protected":false},"featured_media":727,"template":"","meta":[],"product_brand":[],"product_cat":[29,35,36],"product_tag":[],"class_list":{"0":"post-1162","1":"product","2":"type-product","3":"status-publish","4":"has-post-thumbnail","6":"product_cat-dekoracje","7":"product_cat-drewno","8":"product_cat-inne","9":"product_shipping_class-srednie-przedmioty","11":"first","12":"outofstock","13":"shipping-taxable","14":"purchasable","15":"product-type-simple"},"_links":{"self":[{"href":"http:\/\/fabryka-staroci.pl\/en\/wp-json\/wp\/v2\/product\/1162","targetHints":{"allow":["GET"]}}],"collection":[{"href":"http:\/\/fabryka-staroci.pl\/en\/wp-json\/wp\/v2\/product"}],"about":[{"href":"http:\/\/fabryka-staroci.pl\/en\/wp-json\/wp\/v2\/types\/product"}],"wp:featuredmedia":[{"embeddable":true,"href":"http:\/\/fabryka-staroci.pl\/en\/wp-json\/wp\/v2\/media\/727"}],"wp:attachment":[{"href":"http:\/\/fabryka-staroci.pl\/en\/wp-json\/wp\/v2\/media?parent=1162"}],"wp:term":[{"taxonomy":"product_brand","embeddable":true,"href":"http:\/\/fabryka-staroci.pl\/en\/wp-json\/wp\/v2\/product_brand?post=1162"},{"taxonomy":"product_cat","embeddable":true,"href":"http:\/\/fabryka-staroci.pl\/en\/wp-json\/wp\/v2\/product_cat?post=1162"},{"taxonomy":"product_tag","embeddable":true,"href":"http:\/\/fabryka-staroci.pl\/en\/wp-json\/wp\/v2\/product_tag?post=1162"}],"curies":[{"name":"wp","href":"https:\/\/api.w.org\/{rel}","templated":true}]}}