{"id":1163,"date":"2023-09-11T10:10:29","date_gmt":"2023-09-11T10:10:29","guid":{"rendered":"https:\/\/fabryka-staroci.pl\/?post_type=product&#038;p=1163"},"modified":"2023-09-28T07:29:11","modified_gmt":"2023-09-28T07:29:11","slug":"kosz-na-butelki-san-pellegrino-2","status":"publish","type":"product","link":"http:\/\/fabryka-staroci.pl\/en\/product\/kosz-na-butelki-san-pellegrino-2\/","title":{"rendered":"Kosz na butelki San Pellegrino"},"content":{"rendered":"<p>Pi\u0119kny, oryginalny, w\u0142oski kosz na butelki s\u0142ynnej marki San Pellegrino. Stan dobry, przedmiot u\u017cywany z drobnymi przetarciami i plamkami. Kraj pochodzenia W\u0142ochy, szacowany okres 1960 rok. Wysoko\u015b\u0107 9cm, z uchwytem 24cm, szeroko\u015b\u0107 21cm , d\u0142ugo\u015b\u0107 14cm.<\/p>","protected":false},"excerpt":{"rendered":"<p>Pi\u0119kny, oryginalny, w\u0142oski kosz na butelki s\u0142ynnej marki San Pellegrino. Stan dobry, przedmiot u\u017cywany z drobnymi przetarciami i plamkami. Kraj pochodzenia W\u0142ochy, szacowany okres 1960 rok. Wysoko\u015b\u0107 9cm, z uchwytem 24cm, szeroko\u015b\u0107 21cm , d\u0142ugo\u015b\u0107 14cm.<\/p>","protected":false},"featured_media":800,"template":"","meta":[],"product_brand":[],"product_cat":[29,36,34],"product_tag":[],"class_list":{"0":"post-1163","1":"product","2":"type-product","3":"status-publish","4":"has-post-thumbnail","6":"product_cat-dekoracje","7":"product_cat-inne","8":"product_cat-stara-reklama","9":"product_shipping_class-male-przedmioty","11":"first","12":"outofstock","13":"shipping-taxable","14":"purchasable","15":"product-type-simple"},"_links":{"self":[{"href":"http:\/\/fabryka-staroci.pl\/en\/wp-json\/wp\/v2\/product\/1163","targetHints":{"allow":["GET"]}}],"collection":[{"href":"http:\/\/fabryka-staroci.pl\/en\/wp-json\/wp\/v2\/product"}],"about":[{"href":"http:\/\/fabryka-staroci.pl\/en\/wp-json\/wp\/v2\/types\/product"}],"wp:featuredmedia":[{"embeddable":true,"href":"http:\/\/fabryka-staroci.pl\/en\/wp-json\/wp\/v2\/media\/800"}],"wp:attachment":[{"href":"http:\/\/fabryka-staroci.pl\/en\/wp-json\/wp\/v2\/media?parent=1163"}],"wp:term":[{"taxonomy":"product_brand","embeddable":true,"href":"http:\/\/fabryka-staroci.pl\/en\/wp-json\/wp\/v2\/product_brand?post=1163"},{"taxonomy":"product_cat","embeddable":true,"href":"http:\/\/fabryka-staroci.pl\/en\/wp-json\/wp\/v2\/product_cat?post=1163"},{"taxonomy":"product_tag","embeddable":true,"href":"http:\/\/fabryka-staroci.pl\/en\/wp-json\/wp\/v2\/product_tag?post=1163"}],"curies":[{"name":"wp","href":"https:\/\/api.w.org\/{rel}","templated":true}]}}