{"id":1172,"date":"2023-09-11T10:22:28","date_gmt":"2023-09-11T10:22:28","guid":{"rendered":"https:\/\/fabryka-staroci.pl\/?post_type=product&#038;p=1172"},"modified":"2023-09-11T10:22:45","modified_gmt":"2023-09-11T10:22:45","slug":"tekturowa-tablica-ranek-2","status":"publish","type":"product","link":"http:\/\/fabryka-staroci.pl\/en\/product\/tekturowa-tablica-ranek-2\/","title":{"rendered":"Tekturowa tablica &#8222;RANEK&#8221;"},"content":{"rendered":"<p>Tekturowa tablica &#8222;RANEK&#8221; z 1976r stanowi jedn\u0105 z czterech cz\u0119\u015bci tablic edukacyjnych &#8222;W rytmie s\u0142o\u0144ca&#8221;. Stan dobry.<\/p>","protected":false},"excerpt":{"rendered":"<p>Tekturowa tablica &#8222;RANEK&#8221; z 1976r stanowi jedn\u0105 z czterech cz\u0119\u015bci tablic edukacyjnych &#8222;W rytmie s\u0142o\u0144ca&#8221;. Stan dobry.<\/p>","protected":false},"featured_media":833,"template":"","meta":[],"product_brand":[],"product_cat":[29,36],"product_tag":[],"class_list":{"0":"post-1172","1":"product","2":"type-product","3":"status-publish","4":"has-post-thumbnail","6":"product_cat-dekoracje","7":"product_cat-inne","8":"product_shipping_class-male-przedmioty","10":"first","11":"instock","12":"shipping-taxable","13":"purchasable","14":"product-type-simple"},"_links":{"self":[{"href":"http:\/\/fabryka-staroci.pl\/en\/wp-json\/wp\/v2\/product\/1172","targetHints":{"allow":["GET"]}}],"collection":[{"href":"http:\/\/fabryka-staroci.pl\/en\/wp-json\/wp\/v2\/product"}],"about":[{"href":"http:\/\/fabryka-staroci.pl\/en\/wp-json\/wp\/v2\/types\/product"}],"wp:featuredmedia":[{"embeddable":true,"href":"http:\/\/fabryka-staroci.pl\/en\/wp-json\/wp\/v2\/media\/833"}],"wp:attachment":[{"href":"http:\/\/fabryka-staroci.pl\/en\/wp-json\/wp\/v2\/media?parent=1172"}],"wp:term":[{"taxonomy":"product_brand","embeddable":true,"href":"http:\/\/fabryka-staroci.pl\/en\/wp-json\/wp\/v2\/product_brand?post=1172"},{"taxonomy":"product_cat","embeddable":true,"href":"http:\/\/fabryka-staroci.pl\/en\/wp-json\/wp\/v2\/product_cat?post=1172"},{"taxonomy":"product_tag","embeddable":true,"href":"http:\/\/fabryka-staroci.pl\/en\/wp-json\/wp\/v2\/product_tag?post=1172"}],"curies":[{"name":"wp","href":"https:\/\/api.w.org\/{rel}","templated":true}]}}