{"id":1248,"date":"2023-09-23T19:05:41","date_gmt":"2023-09-23T19:05:41","guid":{"rendered":"https:\/\/fabryka-staroci.pl\/?post_type=product&#038;p=1248"},"modified":"2026-01-03T17:50:50","modified_gmt":"2026-01-03T17:50:50","slug":"oficerki-z-prawidlami","status":"publish","type":"product","link":"http:\/\/fabryka-staroci.pl\/en\/product\/oficerki-z-prawidlami\/","title":{"rendered":"Oficerki z prawid\u0142ami"},"content":{"rendered":"<p>Czarne, sk\u00f3rzane oficerki wraz z prawid\u0142ami, podeszwy podbite &#8222;\u017cabkami&#8221; na obcasie i czubie. Buty u\u017cywane, w stanie bardzo dobrym jak wida\u0107 na zdj\u0119ciach. D\u0142ugo\u015b\u0107 buta 27 cm (rozmiar 41); wysoko\u015b\u0107 buta 41,5 cm; obw\u00f3d cholewki 40 cm.<\/p>","protected":false},"excerpt":{"rendered":"<p>Czarne, sk\u00f3rzane oficerki wraz z prawid\u0142ami, podeszwy podbite &#8222;\u017cabkami&#8221; na obcasie i czubie. Buty u\u017cywane, w stanie bardzo dobrym jak wida\u0107 na zdj\u0119ciach. D\u0142ugo\u015b\u0107 buta 27 cm (rozmiar 41); wysoko\u015b\u0107 buta 41,5 cm; obw\u00f3d cholewki 40 cm.<\/p>","protected":false},"featured_media":1207,"template":"","meta":[],"product_brand":[],"product_cat":[29,36],"product_tag":[],"class_list":{"0":"post-1248","1":"product","2":"type-product","3":"status-publish","4":"has-post-thumbnail","6":"product_cat-dekoracje","7":"product_cat-inne","8":"product_shipping_class-srednie-przedmioty","10":"first","11":"outofstock","12":"shipping-taxable","13":"purchasable","14":"product-type-simple"},"_links":{"self":[{"href":"http:\/\/fabryka-staroci.pl\/en\/wp-json\/wp\/v2\/product\/1248","targetHints":{"allow":["GET"]}}],"collection":[{"href":"http:\/\/fabryka-staroci.pl\/en\/wp-json\/wp\/v2\/product"}],"about":[{"href":"http:\/\/fabryka-staroci.pl\/en\/wp-json\/wp\/v2\/types\/product"}],"wp:featuredmedia":[{"embeddable":true,"href":"http:\/\/fabryka-staroci.pl\/en\/wp-json\/wp\/v2\/media\/1207"}],"wp:attachment":[{"href":"http:\/\/fabryka-staroci.pl\/en\/wp-json\/wp\/v2\/media?parent=1248"}],"wp:term":[{"taxonomy":"product_brand","embeddable":true,"href":"http:\/\/fabryka-staroci.pl\/en\/wp-json\/wp\/v2\/product_brand?post=1248"},{"taxonomy":"product_cat","embeddable":true,"href":"http:\/\/fabryka-staroci.pl\/en\/wp-json\/wp\/v2\/product_cat?post=1248"},{"taxonomy":"product_tag","embeddable":true,"href":"http:\/\/fabryka-staroci.pl\/en\/wp-json\/wp\/v2\/product_tag?post=1248"}],"curies":[{"name":"wp","href":"https:\/\/api.w.org\/{rel}","templated":true}]}}