{"id":1255,"date":"2023-09-23T19:54:48","date_gmt":"2023-09-23T19:54:48","guid":{"rendered":"https:\/\/fabryka-staroci.pl\/?post_type=product&#038;p=1255"},"modified":"2023-09-23T19:54:48","modified_gmt":"2023-09-23T19:54:48","slug":"neon-cheers","status":"publish","type":"product","link":"http:\/\/fabryka-staroci.pl\/en\/product\/neon-cheers\/","title":{"rendered":"Neon Cheers"},"content":{"rendered":"<p>Pi\u0119kny, szklany neon z napisem &#8222;Cheers&#8221; , daje bardzo \u0142adne \u015bwiat\u0142o i tworzy ch\u0142odn\u0105 atmosfer\u0119 w pomieszczeniu. Kraj pochodzenia Holandia, szacowany okres po 2000 roku. Wymiary: szeroko\u015b\u0107 43cm; wysoko\u015b\u0107 35,5cm; g\u0142\u0119boko\u015b\u0107 5cm.<\/p>","protected":false},"excerpt":{"rendered":"<p>Pi\u0119kny, szklany neon z napisem &#8222;Cheers&#8221; , daje bardzo \u0142adne \u015bwiat\u0142o i tworzy ch\u0142odn\u0105 atmosfer\u0119 w pomieszczeniu. Kraj pochodzenia Holandia, szacowany okres po 2000 roku. Wymiary: szeroko\u015b\u0107 43cm; wysoko\u015b\u0107 35,5cm; g\u0142\u0119boko\u015b\u0107 5cm.<\/p>","protected":false},"featured_media":1223,"template":"","meta":[],"product_brand":[],"product_cat":[29,27],"product_tag":[],"class_list":{"0":"post-1255","1":"product","2":"type-product","3":"status-publish","4":"has-post-thumbnail","6":"product_cat-dekoracje","7":"product_cat-nowosci","8":"product_shipping_class-srednie-przedmioty","10":"first","11":"instock","12":"shipping-taxable","13":"purchasable","14":"product-type-simple"},"_links":{"self":[{"href":"http:\/\/fabryka-staroci.pl\/en\/wp-json\/wp\/v2\/product\/1255","targetHints":{"allow":["GET"]}}],"collection":[{"href":"http:\/\/fabryka-staroci.pl\/en\/wp-json\/wp\/v2\/product"}],"about":[{"href":"http:\/\/fabryka-staroci.pl\/en\/wp-json\/wp\/v2\/types\/product"}],"wp:featuredmedia":[{"embeddable":true,"href":"http:\/\/fabryka-staroci.pl\/en\/wp-json\/wp\/v2\/media\/1223"}],"wp:attachment":[{"href":"http:\/\/fabryka-staroci.pl\/en\/wp-json\/wp\/v2\/media?parent=1255"}],"wp:term":[{"taxonomy":"product_brand","embeddable":true,"href":"http:\/\/fabryka-staroci.pl\/en\/wp-json\/wp\/v2\/product_brand?post=1255"},{"taxonomy":"product_cat","embeddable":true,"href":"http:\/\/fabryka-staroci.pl\/en\/wp-json\/wp\/v2\/product_cat?post=1255"},{"taxonomy":"product_tag","embeddable":true,"href":"http:\/\/fabryka-staroci.pl\/en\/wp-json\/wp\/v2\/product_tag?post=1255"}],"curies":[{"name":"wp","href":"https:\/\/api.w.org\/{rel}","templated":true}]}}