{"id":1646,"date":"2023-10-14T19:18:20","date_gmt":"2023-10-14T19:18:20","guid":{"rendered":"https:\/\/fabryka-staroci.pl\/?post_type=product&#038;p=1646"},"modified":"2023-12-16T09:30:13","modified_gmt":"2023-12-16T09:30:13","slug":"drewniany-kinkiet","status":"publish","type":"product","link":"http:\/\/fabryka-staroci.pl\/en\/product\/drewniany-kinkiet\/","title":{"rendered":"Drewniany kinkiet"},"content":{"rendered":"<p>Drewniany kinkiet, r\u0119cznie wykonany z fragmentu ko\u0142a od wozu. Nosi \u015blady u\u017cytkowania. Wymiary: wysoko\u015b\u0107 42cm; szeroko\u015b\u0107 46cm; grubo\u015b\u0107 8cm.<\/p>","protected":false},"excerpt":{"rendered":"<p>Drewniany kinkiet, r\u0119cznie wykonany z fragmentu ko\u0142a od wozu. Nosi \u015blady u\u017cytkowania. Wymiary: wysoko\u015b\u0107 42cm; szeroko\u015b\u0107 46cm; grubo\u015b\u0107 8cm.<\/p>","protected":false},"featured_media":1435,"template":"","meta":[],"product_brand":[],"product_cat":[29],"product_tag":[],"class_list":{"0":"post-1646","1":"product","2":"type-product","3":"status-publish","4":"has-post-thumbnail","6":"product_cat-dekoracje","7":"product_shipping_class-duze-przedmioty","9":"first","10":"instock","11":"shipping-taxable","12":"purchasable","13":"product-type-simple"},"_links":{"self":[{"href":"http:\/\/fabryka-staroci.pl\/en\/wp-json\/wp\/v2\/product\/1646","targetHints":{"allow":["GET"]}}],"collection":[{"href":"http:\/\/fabryka-staroci.pl\/en\/wp-json\/wp\/v2\/product"}],"about":[{"href":"http:\/\/fabryka-staroci.pl\/en\/wp-json\/wp\/v2\/types\/product"}],"wp:featuredmedia":[{"embeddable":true,"href":"http:\/\/fabryka-staroci.pl\/en\/wp-json\/wp\/v2\/media\/1435"}],"wp:attachment":[{"href":"http:\/\/fabryka-staroci.pl\/en\/wp-json\/wp\/v2\/media?parent=1646"}],"wp:term":[{"taxonomy":"product_brand","embeddable":true,"href":"http:\/\/fabryka-staroci.pl\/en\/wp-json\/wp\/v2\/product_brand?post=1646"},{"taxonomy":"product_cat","embeddable":true,"href":"http:\/\/fabryka-staroci.pl\/en\/wp-json\/wp\/v2\/product_cat?post=1646"},{"taxonomy":"product_tag","embeddable":true,"href":"http:\/\/fabryka-staroci.pl\/en\/wp-json\/wp\/v2\/product_tag?post=1646"}],"curies":[{"name":"wp","href":"https:\/\/api.w.org\/{rel}","templated":true}]}}