{"id":1648,"date":"2023-10-14T19:34:14","date_gmt":"2023-10-14T19:34:14","guid":{"rendered":"https:\/\/fabryka-staroci.pl\/?post_type=product&#038;p=1648"},"modified":"2023-10-14T19:34:14","modified_gmt":"2023-10-14T19:34:14","slug":"garnek-z-zeliwa-ii","status":"publish","type":"product","link":"http:\/\/fabryka-staroci.pl\/en\/product\/garnek-z-zeliwa-ii\/","title":{"rendered":"Garnek z \u017celiwa II"},"content":{"rendered":"<p>Bardzo dobrze zachowany\u00a0 \u017celiwny garnek z pi\u0119kn\u0105 patyn\u0105 jak i emali\u0105 wewn\u0105trz. Nosi \u015blady u\u017cytkowania. Wymiary: wysoko\u015b\u0107 21cm; szeroko\u015b\u0107 19cm (z uszami 25cm).<\/p>","protected":false},"excerpt":{"rendered":"<p>Bardzo dobrze zachowany\u00a0 \u017celiwny garnek z pi\u0119kn\u0105 patyn\u0105 jak i emali\u0105 wewn\u0105trz. Nosi \u015blady u\u017cytkowania. Wymiary: wysoko\u015b\u0107 21cm; szeroko\u015b\u0107 19cm (z uszami 25cm).<\/p>","protected":false},"featured_media":1408,"template":"","meta":[],"product_brand":[],"product_cat":[29],"product_tag":[],"class_list":{"0":"post-1648","1":"product","2":"type-product","3":"status-publish","4":"has-post-thumbnail","6":"product_cat-dekoracje","7":"product_shipping_class-srednie-przedmioty","9":"first","10":"instock","11":"shipping-taxable","12":"purchasable","13":"product-type-simple"},"_links":{"self":[{"href":"http:\/\/fabryka-staroci.pl\/en\/wp-json\/wp\/v2\/product\/1648","targetHints":{"allow":["GET"]}}],"collection":[{"href":"http:\/\/fabryka-staroci.pl\/en\/wp-json\/wp\/v2\/product"}],"about":[{"href":"http:\/\/fabryka-staroci.pl\/en\/wp-json\/wp\/v2\/types\/product"}],"wp:featuredmedia":[{"embeddable":true,"href":"http:\/\/fabryka-staroci.pl\/en\/wp-json\/wp\/v2\/media\/1408"}],"wp:attachment":[{"href":"http:\/\/fabryka-staroci.pl\/en\/wp-json\/wp\/v2\/media?parent=1648"}],"wp:term":[{"taxonomy":"product_brand","embeddable":true,"href":"http:\/\/fabryka-staroci.pl\/en\/wp-json\/wp\/v2\/product_brand?post=1648"},{"taxonomy":"product_cat","embeddable":true,"href":"http:\/\/fabryka-staroci.pl\/en\/wp-json\/wp\/v2\/product_cat?post=1648"},{"taxonomy":"product_tag","embeddable":true,"href":"http:\/\/fabryka-staroci.pl\/en\/wp-json\/wp\/v2\/product_tag?post=1648"}],"curies":[{"name":"wp","href":"https:\/\/api.w.org\/{rel}","templated":true}]}}