{"id":1649,"date":"2023-10-14T19:42:08","date_gmt":"2023-10-14T19:42:08","guid":{"rendered":"https:\/\/fabryka-staroci.pl\/?post_type=product&#038;p=1649"},"modified":"2024-01-30T19:05:18","modified_gmt":"2024-01-30T19:05:18","slug":"szyld-reklamowy","status":"publish","type":"product","link":"http:\/\/fabryka-staroci.pl\/en\/product\/szyld-reklamowy\/","title":{"rendered":"Szyld reklamowy"},"content":{"rendered":"<p>Stary szyld reklamowy. Kraj pochodzenia W\u0142ochy. Wisia\u0142 nad wej\u015bciem do restauracji. Nosi \u015blady u\u017cytkowania. Wymiary: szeroko\u015b\u0107 47cm; wysoko\u015b\u0107 27cm; grubo\u015b\u0107 7cm (g\u0142owa).<\/p>","protected":false},"excerpt":{"rendered":"<p>Stary szyld reklamowy. Kraj pochodzenia W\u0142ochy. Wisia\u0142 nad wej\u015bciem do restauracji. Nosi \u015blady u\u017cytkowania. Wymiary: szeroko\u015b\u0107 47cm; wysoko\u015b\u0107 27cm; grubo\u015b\u0107 7cm (g\u0142owa).<\/p>","protected":false},"featured_media":1421,"template":"","meta":[],"product_brand":[],"product_cat":[29,34],"product_tag":[],"class_list":{"0":"post-1649","1":"product","2":"type-product","3":"status-publish","4":"has-post-thumbnail","6":"product_cat-dekoracje","7":"product_cat-stara-reklama","8":"product_shipping_class-srednie-przedmioty","10":"first","11":"instock","12":"shipping-taxable","13":"purchasable","14":"product-type-simple"},"_links":{"self":[{"href":"http:\/\/fabryka-staroci.pl\/en\/wp-json\/wp\/v2\/product\/1649","targetHints":{"allow":["GET"]}}],"collection":[{"href":"http:\/\/fabryka-staroci.pl\/en\/wp-json\/wp\/v2\/product"}],"about":[{"href":"http:\/\/fabryka-staroci.pl\/en\/wp-json\/wp\/v2\/types\/product"}],"wp:featuredmedia":[{"embeddable":true,"href":"http:\/\/fabryka-staroci.pl\/en\/wp-json\/wp\/v2\/media\/1421"}],"wp:attachment":[{"href":"http:\/\/fabryka-staroci.pl\/en\/wp-json\/wp\/v2\/media?parent=1649"}],"wp:term":[{"taxonomy":"product_brand","embeddable":true,"href":"http:\/\/fabryka-staroci.pl\/en\/wp-json\/wp\/v2\/product_brand?post=1649"},{"taxonomy":"product_cat","embeddable":true,"href":"http:\/\/fabryka-staroci.pl\/en\/wp-json\/wp\/v2\/product_cat?post=1649"},{"taxonomy":"product_tag","embeddable":true,"href":"http:\/\/fabryka-staroci.pl\/en\/wp-json\/wp\/v2\/product_tag?post=1649"}],"curies":[{"name":"wp","href":"https:\/\/api.w.org\/{rel}","templated":true}]}}