{"id":1661,"date":"2023-10-16T19:13:42","date_gmt":"2023-10-16T19:13:42","guid":{"rendered":"https:\/\/fabryka-staroci.pl\/?post_type=product&#038;p=1661"},"modified":"2023-10-16T19:13:42","modified_gmt":"2023-10-16T19:13:42","slug":"reklamy","status":"publish","type":"product","link":"http:\/\/fabryka-staroci.pl\/en\/product\/reklamy\/","title":{"rendered":"Reklamy"},"content":{"rendered":"<p>Reklamy na p\u0142\u00f3tnie w stylu vintage. Wymiary: szeroko\u015b\u0107 50,5cm ; wysoko\u015b\u0107 70,5cm ; grubo\u015b\u0107 3cm.<\/p>","protected":false},"excerpt":{"rendered":"<p>Reklamy na p\u0142\u00f3tnie w stylu vintage. Wymiary: szeroko\u015b\u0107 50,5cm ; wysoko\u015b\u0107 70,5cm ; grubo\u015b\u0107 3cm.<\/p>","protected":false},"featured_media":1499,"template":"","meta":[],"product_brand":[],"product_cat":[29],"product_tag":[],"class_list":{"0":"post-1661","1":"product","2":"type-product","3":"status-publish","4":"has-post-thumbnail","6":"product_cat-dekoracje","7":"product_shipping_class-srednie-przedmioty","9":"first","10":"instock","11":"shipping-taxable","12":"purchasable","13":"product-type-simple"},"_links":{"self":[{"href":"http:\/\/fabryka-staroci.pl\/en\/wp-json\/wp\/v2\/product\/1661","targetHints":{"allow":["GET"]}}],"collection":[{"href":"http:\/\/fabryka-staroci.pl\/en\/wp-json\/wp\/v2\/product"}],"about":[{"href":"http:\/\/fabryka-staroci.pl\/en\/wp-json\/wp\/v2\/types\/product"}],"wp:featuredmedia":[{"embeddable":true,"href":"http:\/\/fabryka-staroci.pl\/en\/wp-json\/wp\/v2\/media\/1499"}],"wp:attachment":[{"href":"http:\/\/fabryka-staroci.pl\/en\/wp-json\/wp\/v2\/media?parent=1661"}],"wp:term":[{"taxonomy":"product_brand","embeddable":true,"href":"http:\/\/fabryka-staroci.pl\/en\/wp-json\/wp\/v2\/product_brand?post=1661"},{"taxonomy":"product_cat","embeddable":true,"href":"http:\/\/fabryka-staroci.pl\/en\/wp-json\/wp\/v2\/product_cat?post=1661"},{"taxonomy":"product_tag","embeddable":true,"href":"http:\/\/fabryka-staroci.pl\/en\/wp-json\/wp\/v2\/product_tag?post=1661"}],"curies":[{"name":"wp","href":"https:\/\/api.w.org\/{rel}","templated":true}]}}