{"id":1662,"date":"2023-10-16T19:21:21","date_gmt":"2023-10-16T19:21:21","guid":{"rendered":"https:\/\/fabryka-staroci.pl\/?post_type=product&#038;p=1662"},"modified":"2023-10-16T19:21:22","modified_gmt":"2023-10-16T19:21:22","slug":"tara","status":"publish","type":"product","link":"http:\/\/fabryka-staroci.pl\/en\/product\/tara\/","title":{"rendered":"Tara"},"content":{"rendered":"<p>Stara tara do prania &#8211; dla ludzi z fantazj\u0105 jako zaskakuj\u0105ca dekoracja \u0142azienki lub dla kolekcjoner\u00f3w. Nosi \u015blady u\u017cytkowania. Wymiary: wysoko\u015b\u0107 56,5cm; szeroko\u015b\u0107 35,5cm; grubo\u015b\u01074,5cm.<\/p>","protected":false},"excerpt":{"rendered":"<p>Stara tara do prania &#8211; dla ludzi z fantazj\u0105 jako zaskakuj\u0105ca dekoracja \u0142azienki lub dla kolekcjoner\u00f3w. Nosi \u015blady u\u017cytkowania. Wymiary: wysoko\u015b\u0107 56,5cm; szeroko\u015b\u0107 35,5cm; grubo\u015b\u01074,5cm.<\/p>","protected":false},"featured_media":1501,"template":"","meta":[],"product_brand":[],"product_cat":[29],"product_tag":[],"class_list":{"0":"post-1662","1":"product","2":"type-product","3":"status-publish","4":"has-post-thumbnail","6":"product_cat-dekoracje","7":"product_shipping_class-srednie-przedmioty","9":"first","10":"instock","11":"shipping-taxable","12":"purchasable","13":"product-type-simple"},"_links":{"self":[{"href":"http:\/\/fabryka-staroci.pl\/en\/wp-json\/wp\/v2\/product\/1662","targetHints":{"allow":["GET"]}}],"collection":[{"href":"http:\/\/fabryka-staroci.pl\/en\/wp-json\/wp\/v2\/product"}],"about":[{"href":"http:\/\/fabryka-staroci.pl\/en\/wp-json\/wp\/v2\/types\/product"}],"wp:featuredmedia":[{"embeddable":true,"href":"http:\/\/fabryka-staroci.pl\/en\/wp-json\/wp\/v2\/media\/1501"}],"wp:attachment":[{"href":"http:\/\/fabryka-staroci.pl\/en\/wp-json\/wp\/v2\/media?parent=1662"}],"wp:term":[{"taxonomy":"product_brand","embeddable":true,"href":"http:\/\/fabryka-staroci.pl\/en\/wp-json\/wp\/v2\/product_brand?post=1662"},{"taxonomy":"product_cat","embeddable":true,"href":"http:\/\/fabryka-staroci.pl\/en\/wp-json\/wp\/v2\/product_cat?post=1662"},{"taxonomy":"product_tag","embeddable":true,"href":"http:\/\/fabryka-staroci.pl\/en\/wp-json\/wp\/v2\/product_tag?post=1662"}],"curies":[{"name":"wp","href":"https:\/\/api.w.org\/{rel}","templated":true}]}}