{"id":1679,"date":"2023-10-22T18:10:32","date_gmt":"2023-10-22T18:10:32","guid":{"rendered":"https:\/\/fabryka-staroci.pl\/?post_type=product&#038;p=1679"},"modified":"2025-11-30T16:54:40","modified_gmt":"2025-11-30T16:54:40","slug":"drewniana-misa","status":"publish","type":"product","link":"http:\/\/fabryka-staroci.pl\/en\/product\/drewniana-misa\/","title":{"rendered":"Drewniana misa"},"content":{"rendered":"<p>Stara, drewniana misa, dzie\u017ca. Stan jak na zdj\u0119ciach. Wymiary: d\u0142ugo\u015b\u0107 73cm; szeroko\u015b\u0107 26cm; wysoko\u015b\u0107 11cm.<\/p>\n<p>&nbsp;<\/p>","protected":false},"excerpt":{"rendered":"<p>Stara, drewniana misa, dzie\u017ca. Stan jak na zdj\u0119ciach. Wymiary: d\u0142ugo\u015b\u0107 73cm; szeroko\u015b\u0107 26cm; wysoko\u015b\u0107 11cm. &nbsp;<\/p>","protected":false},"featured_media":1579,"template":"","meta":[],"product_brand":[],"product_cat":[35],"product_tag":[],"class_list":{"0":"post-1679","1":"product","2":"type-product","3":"status-publish","4":"has-post-thumbnail","6":"product_cat-drewno","7":"product_shipping_class-srednie-przedmioty","9":"first","10":"outofstock","11":"shipping-taxable","12":"purchasable","13":"product-type-simple"},"_links":{"self":[{"href":"http:\/\/fabryka-staroci.pl\/en\/wp-json\/wp\/v2\/product\/1679","targetHints":{"allow":["GET"]}}],"collection":[{"href":"http:\/\/fabryka-staroci.pl\/en\/wp-json\/wp\/v2\/product"}],"about":[{"href":"http:\/\/fabryka-staroci.pl\/en\/wp-json\/wp\/v2\/types\/product"}],"wp:featuredmedia":[{"embeddable":true,"href":"http:\/\/fabryka-staroci.pl\/en\/wp-json\/wp\/v2\/media\/1579"}],"wp:attachment":[{"href":"http:\/\/fabryka-staroci.pl\/en\/wp-json\/wp\/v2\/media?parent=1679"}],"wp:term":[{"taxonomy":"product_brand","embeddable":true,"href":"http:\/\/fabryka-staroci.pl\/en\/wp-json\/wp\/v2\/product_brand?post=1679"},{"taxonomy":"product_cat","embeddable":true,"href":"http:\/\/fabryka-staroci.pl\/en\/wp-json\/wp\/v2\/product_cat?post=1679"},{"taxonomy":"product_tag","embeddable":true,"href":"http:\/\/fabryka-staroci.pl\/en\/wp-json\/wp\/v2\/product_tag?post=1679"}],"curies":[{"name":"wp","href":"https:\/\/api.w.org\/{rel}","templated":true}]}}