{"id":1683,"date":"2023-10-22T18:51:51","date_gmt":"2023-10-22T18:51:51","guid":{"rendered":"https:\/\/fabryka-staroci.pl\/?post_type=product&#038;p=1683"},"modified":"2023-12-06T09:52:31","modified_gmt":"2023-12-06T09:52:31","slug":"stary-magiel","status":"publish","type":"product","link":"http:\/\/fabryka-staroci.pl\/en\/product\/stary-magiel\/","title":{"rendered":"Stary magiel"},"content":{"rendered":"<p>Stary, ameryka\u0144ski magiel Anchor Brand. Okres pochodzenia pocz\u0105tek XX wieku. Doskona\u0142y przedmiot kolekcjonerski jak i dekoracyjny. Wymiary: wysoko\u015b\u0107 46 cm; szeroko\u015b\u0107 44,5 cm ( z korb\u0105 75cm); grubo\u015b\u0107 17 cm.<\/p>","protected":false},"excerpt":{"rendered":"<p>Stary, ameryka\u0144ski magiel Anchor Brand. Okres pochodzenia pocz\u0105tek XX wieku. Doskona\u0142y przedmiot kolekcjonerski jak i dekoracyjny. Wymiary: wysoko\u015b\u0107 46 cm; szeroko\u015b\u0107 44,5 cm ( z korb\u0105 75cm); grubo\u015b\u0107 17 cm.<\/p>","protected":false},"featured_media":1594,"template":"","meta":[],"product_brand":[],"product_cat":[29,36],"product_tag":[],"class_list":{"0":"post-1683","1":"product","2":"type-product","3":"status-publish","4":"has-post-thumbnail","6":"product_cat-dekoracje","7":"product_cat-inne","8":"product_shipping_class-duze-przedmioty","10":"first","11":"instock","12":"shipping-taxable","13":"purchasable","14":"product-type-simple"},"_links":{"self":[{"href":"http:\/\/fabryka-staroci.pl\/en\/wp-json\/wp\/v2\/product\/1683","targetHints":{"allow":["GET"]}}],"collection":[{"href":"http:\/\/fabryka-staroci.pl\/en\/wp-json\/wp\/v2\/product"}],"about":[{"href":"http:\/\/fabryka-staroci.pl\/en\/wp-json\/wp\/v2\/types\/product"}],"wp:featuredmedia":[{"embeddable":true,"href":"http:\/\/fabryka-staroci.pl\/en\/wp-json\/wp\/v2\/media\/1594"}],"wp:attachment":[{"href":"http:\/\/fabryka-staroci.pl\/en\/wp-json\/wp\/v2\/media?parent=1683"}],"wp:term":[{"taxonomy":"product_brand","embeddable":true,"href":"http:\/\/fabryka-staroci.pl\/en\/wp-json\/wp\/v2\/product_brand?post=1683"},{"taxonomy":"product_cat","embeddable":true,"href":"http:\/\/fabryka-staroci.pl\/en\/wp-json\/wp\/v2\/product_cat?post=1683"},{"taxonomy":"product_tag","embeddable":true,"href":"http:\/\/fabryka-staroci.pl\/en\/wp-json\/wp\/v2\/product_tag?post=1683"}],"curies":[{"name":"wp","href":"https:\/\/api.w.org\/{rel}","templated":true}]}}