{"id":951,"date":"2023-09-10T18:55:47","date_gmt":"2023-09-10T18:55:47","guid":{"rendered":"https:\/\/fabryka-staroci.pl\/?post_type=product&#038;p=951"},"modified":"2023-09-10T18:55:47","modified_gmt":"2023-09-10T18:55:47","slug":"model-statku","status":"publish","type":"product","link":"http:\/\/fabryka-staroci.pl\/en\/product\/model-statku\/","title":{"rendered":"Model statku"},"content":{"rendered":"<p>Drewniany model hiszpa\u0144skiego Galleonu. R\u0119cznie wykonany. Kraj pochodzenia Hiszpania. Okres &#8211; lata osiemdziesi\u0105te XX w. Nosi \u015blady u\u017cytkowania. Wymiary: d\u0142ugo\u015b\u0107 66cm; wysoko\u015b\u0107 52cm; szeroko\u015b\u0107 28cm. <\/p>","protected":false},"excerpt":{"rendered":"<p>Drewniany model hiszpa\u0144skiego Galleonu. R\u0119cznie wykonany. Kraj pochodzenia Hiszpania. Okres &#8211; lata osiemdziesi\u0105te XX w. Nosi \u015blady u\u017cytkowania. Wymiary: d\u0142ugo\u015b\u0107 66cm; wysoko\u015b\u0107 52cm; szeroko\u015b\u0107 28cm.<\/p>","protected":false},"featured_media":844,"template":"","meta":[],"product_brand":[],"product_cat":[29,36],"product_tag":[],"class_list":{"0":"post-951","1":"product","2":"type-product","3":"status-publish","4":"has-post-thumbnail","6":"product_cat-dekoracje","7":"product_cat-inne","8":"product_shipping_class-srednie-przedmioty","10":"first","11":"instock","12":"shipping-taxable","13":"purchasable","14":"product-type-simple"},"_links":{"self":[{"href":"http:\/\/fabryka-staroci.pl\/en\/wp-json\/wp\/v2\/product\/951","targetHints":{"allow":["GET"]}}],"collection":[{"href":"http:\/\/fabryka-staroci.pl\/en\/wp-json\/wp\/v2\/product"}],"about":[{"href":"http:\/\/fabryka-staroci.pl\/en\/wp-json\/wp\/v2\/types\/product"}],"wp:featuredmedia":[{"embeddable":true,"href":"http:\/\/fabryka-staroci.pl\/en\/wp-json\/wp\/v2\/media\/844"}],"wp:attachment":[{"href":"http:\/\/fabryka-staroci.pl\/en\/wp-json\/wp\/v2\/media?parent=951"}],"wp:term":[{"taxonomy":"product_brand","embeddable":true,"href":"http:\/\/fabryka-staroci.pl\/en\/wp-json\/wp\/v2\/product_brand?post=951"},{"taxonomy":"product_cat","embeddable":true,"href":"http:\/\/fabryka-staroci.pl\/en\/wp-json\/wp\/v2\/product_cat?post=951"},{"taxonomy":"product_tag","embeddable":true,"href":"http:\/\/fabryka-staroci.pl\/en\/wp-json\/wp\/v2\/product_tag?post=951"}],"curies":[{"name":"wp","href":"https:\/\/api.w.org\/{rel}","templated":true}]}}