{"id":964,"date":"2023-09-03T11:01:25","date_gmt":"2023-09-03T11:01:25","guid":{"rendered":"https:\/\/fabryka-staroci.pl\/?post_type=product&#038;p=964"},"modified":"2023-09-03T11:01:25","modified_gmt":"2023-09-03T11:01:25","slug":"chinski-beben","status":"publish","type":"product","link":"http:\/\/fabryka-staroci.pl\/en\/product\/chinski-beben\/","title":{"rendered":"Chi\u0144ski b\u0119ben"},"content":{"rendered":"<p>Stary oryginalny, chi\u0144ski b\u0119ben z motywem smoka. R\u0119cznie zdobiony. Wymiary: \u015brednica 31cm; wysoko\u015b\u0107 12cm.<\/p>","protected":false},"excerpt":{"rendered":"<p>Stary oryginalny, chi\u0144ski b\u0119ben z motywem smoka. R\u0119cznie zdobiony. Wymiary: \u015brednica 31cm; wysoko\u015b\u0107 12cm.<\/p>","protected":false},"featured_media":817,"template":"","meta":[],"product_brand":[],"product_cat":[29,36],"product_tag":[],"class_list":{"0":"post-964","1":"product","2":"type-product","3":"status-publish","4":"has-post-thumbnail","6":"product_cat-dekoracje","7":"product_cat-inne","8":"product_shipping_class-srednie-przedmioty","10":"first","11":"instock","12":"shipping-taxable","13":"purchasable","14":"product-type-simple"},"_links":{"self":[{"href":"http:\/\/fabryka-staroci.pl\/en\/wp-json\/wp\/v2\/product\/964","targetHints":{"allow":["GET"]}}],"collection":[{"href":"http:\/\/fabryka-staroci.pl\/en\/wp-json\/wp\/v2\/product"}],"about":[{"href":"http:\/\/fabryka-staroci.pl\/en\/wp-json\/wp\/v2\/types\/product"}],"wp:featuredmedia":[{"embeddable":true,"href":"http:\/\/fabryka-staroci.pl\/en\/wp-json\/wp\/v2\/media\/817"}],"wp:attachment":[{"href":"http:\/\/fabryka-staroci.pl\/en\/wp-json\/wp\/v2\/media?parent=964"}],"wp:term":[{"taxonomy":"product_brand","embeddable":true,"href":"http:\/\/fabryka-staroci.pl\/en\/wp-json\/wp\/v2\/product_brand?post=964"},{"taxonomy":"product_cat","embeddable":true,"href":"http:\/\/fabryka-staroci.pl\/en\/wp-json\/wp\/v2\/product_cat?post=964"},{"taxonomy":"product_tag","embeddable":true,"href":"http:\/\/fabryka-staroci.pl\/en\/wp-json\/wp\/v2\/product_tag?post=964"}],"curies":[{"name":"wp","href":"https:\/\/api.w.org\/{rel}","templated":true}]}}