{"id":968,"date":"2023-09-03T10:38:55","date_gmt":"2023-09-03T10:38:55","guid":{"rendered":"https:\/\/fabryka-staroci.pl\/?post_type=product&#038;p=968"},"modified":"2023-09-03T10:38:55","modified_gmt":"2023-09-03T10:38:55","slug":"lampa-loftowa","status":"publish","type":"product","link":"http:\/\/fabryka-staroci.pl\/en\/product\/lampa-loftowa\/","title":{"rendered":"Lampa loftowa"},"content":{"rendered":"<p>Loftowa wisz\u0105ca lampa, kolor czarny. Stan bardzo dobry. Odnowiona. Wymiary: wysoko\u015b\u0107 25cm, szeroko\u015b\u0107 18cm.<\/p>","protected":false},"excerpt":{"rendered":"<p>Loftowa wisz\u0105ca lampa, kolor czarny. Stan bardzo dobry. Odnowiona. Wymiary: wysoko\u015b\u0107 25cm, szeroko\u015b\u0107 18cm.<\/p>","protected":false},"featured_media":792,"template":"","meta":[],"product_brand":[],"product_cat":[29,36],"product_tag":[],"class_list":{"0":"post-968","1":"product","2":"type-product","3":"status-publish","4":"has-post-thumbnail","6":"product_cat-dekoracje","7":"product_cat-inne","8":"product_shipping_class-duze-przedmioty","10":"first","11":"instock","12":"shipping-taxable","13":"purchasable","14":"product-type-simple"},"_links":{"self":[{"href":"http:\/\/fabryka-staroci.pl\/en\/wp-json\/wp\/v2\/product\/968","targetHints":{"allow":["GET"]}}],"collection":[{"href":"http:\/\/fabryka-staroci.pl\/en\/wp-json\/wp\/v2\/product"}],"about":[{"href":"http:\/\/fabryka-staroci.pl\/en\/wp-json\/wp\/v2\/types\/product"}],"wp:featuredmedia":[{"embeddable":true,"href":"http:\/\/fabryka-staroci.pl\/en\/wp-json\/wp\/v2\/media\/792"}],"wp:attachment":[{"href":"http:\/\/fabryka-staroci.pl\/en\/wp-json\/wp\/v2\/media?parent=968"}],"wp:term":[{"taxonomy":"product_brand","embeddable":true,"href":"http:\/\/fabryka-staroci.pl\/en\/wp-json\/wp\/v2\/product_brand?post=968"},{"taxonomy":"product_cat","embeddable":true,"href":"http:\/\/fabryka-staroci.pl\/en\/wp-json\/wp\/v2\/product_cat?post=968"},{"taxonomy":"product_tag","embeddable":true,"href":"http:\/\/fabryka-staroci.pl\/en\/wp-json\/wp\/v2\/product_tag?post=968"}],"curies":[{"name":"wp","href":"https:\/\/api.w.org\/{rel}","templated":true}]}}