{"id":973,"date":"2023-09-03T10:27:52","date_gmt":"2023-09-03T10:27:52","guid":{"rendered":"https:\/\/fabryka-staroci.pl\/?post_type=product&#038;p=973"},"modified":"2023-09-03T10:27:52","modified_gmt":"2023-09-03T10:27:52","slug":"stara-lampa-kolejowa-pkp","status":"publish","type":"product","link":"http:\/\/fabryka-staroci.pl\/en\/product\/stara-lampa-kolejowa-pkp\/","title":{"rendered":"Stara lampa kolejowa PKP"},"content":{"rendered":"<p>Stara lampa kolejowa karbidowa, sygnatura PKP. Ozdoba retro, stan jak na zdj\u0119ciach. Przedmiot z dusz\u0105 i histori\u0105. Wymiary: 20cm (z r\u0105czk\u0105 27cm) x 10cm x10 cm.<\/p>","protected":false},"excerpt":{"rendered":"<p>Stara lampa kolejowa karbidowa, sygnatura PKP. Ozdoba retro, stan jak na zdj\u0119ciach. Przedmiot z dusz\u0105 i histori\u0105. Wymiary: 20cm (z r\u0105czk\u0105 27cm) x 10cm x10 cm.<\/p>","protected":false},"featured_media":796,"template":"","meta":[],"product_brand":[],"product_cat":[29,36],"product_tag":[],"class_list":{"0":"post-973","1":"product","2":"type-product","3":"status-publish","4":"has-post-thumbnail","6":"product_cat-dekoracje","7":"product_cat-inne","8":"product_shipping_class-male-przedmioty","10":"first","11":"instock","12":"shipping-taxable","13":"purchasable","14":"product-type-simple"},"_links":{"self":[{"href":"http:\/\/fabryka-staroci.pl\/en\/wp-json\/wp\/v2\/product\/973","targetHints":{"allow":["GET"]}}],"collection":[{"href":"http:\/\/fabryka-staroci.pl\/en\/wp-json\/wp\/v2\/product"}],"about":[{"href":"http:\/\/fabryka-staroci.pl\/en\/wp-json\/wp\/v2\/types\/product"}],"wp:featuredmedia":[{"embeddable":true,"href":"http:\/\/fabryka-staroci.pl\/en\/wp-json\/wp\/v2\/media\/796"}],"wp:attachment":[{"href":"http:\/\/fabryka-staroci.pl\/en\/wp-json\/wp\/v2\/media?parent=973"}],"wp:term":[{"taxonomy":"product_brand","embeddable":true,"href":"http:\/\/fabryka-staroci.pl\/en\/wp-json\/wp\/v2\/product_brand?post=973"},{"taxonomy":"product_cat","embeddable":true,"href":"http:\/\/fabryka-staroci.pl\/en\/wp-json\/wp\/v2\/product_cat?post=973"},{"taxonomy":"product_tag","embeddable":true,"href":"http:\/\/fabryka-staroci.pl\/en\/wp-json\/wp\/v2\/product_tag?post=973"}],"curies":[{"name":"wp","href":"https:\/\/api.w.org\/{rel}","templated":true}]}}