{"id":979,"date":"2023-08-08T18:56:02","date_gmt":"2023-08-08T18:56:02","guid":{"rendered":"https:\/\/fabryka-staroci.pl\/?post_type=product&#038;p=979"},"modified":"2023-08-08T18:56:02","modified_gmt":"2023-08-08T18:56:02","slug":"lodz","status":"publish","type":"product","link":"http:\/\/fabryka-staroci.pl\/en\/product\/lodz\/","title":{"rendered":"\u0141\u00f3d\u017a"},"content":{"rendered":"<p>R\u0119cznie wykonana \u0142\u00f3d\u017a \u017caglowa. Kraj pochodzenia Norwegia. Szacowany okres lata 60.Wymiary: szeroko\u015b\u0107 29cm, wysoko\u015b\u0107 72cm, d\u0142ugo\u015b\u0107 77cm.<\/p>","protected":false},"excerpt":{"rendered":"<p>R\u0119cznie wykonana \u0142\u00f3d\u017a \u017caglowa. Kraj pochodzenia Norwegia. Szacowany okres lata 60.Wymiary: szeroko\u015b\u0107 29cm, wysoko\u015b\u0107 72cm, d\u0142ugo\u015b\u0107 77cm.<\/p>","protected":false},"featured_media":767,"template":"","meta":[],"product_brand":[],"product_cat":[29,35,36],"product_tag":[],"class_list":{"0":"post-979","1":"product","2":"type-product","3":"status-publish","4":"has-post-thumbnail","6":"product_cat-dekoracje","7":"product_cat-drewno","8":"product_cat-inne","9":"product_shipping_class-duze-przedmioty","11":"first","12":"outofstock","13":"shipping-taxable","14":"purchasable","15":"product-type-simple"},"_links":{"self":[{"href":"http:\/\/fabryka-staroci.pl\/en\/wp-json\/wp\/v2\/product\/979","targetHints":{"allow":["GET"]}}],"collection":[{"href":"http:\/\/fabryka-staroci.pl\/en\/wp-json\/wp\/v2\/product"}],"about":[{"href":"http:\/\/fabryka-staroci.pl\/en\/wp-json\/wp\/v2\/types\/product"}],"wp:featuredmedia":[{"embeddable":true,"href":"http:\/\/fabryka-staroci.pl\/en\/wp-json\/wp\/v2\/media\/767"}],"wp:attachment":[{"href":"http:\/\/fabryka-staroci.pl\/en\/wp-json\/wp\/v2\/media?parent=979"}],"wp:term":[{"taxonomy":"product_brand","embeddable":true,"href":"http:\/\/fabryka-staroci.pl\/en\/wp-json\/wp\/v2\/product_brand?post=979"},{"taxonomy":"product_cat","embeddable":true,"href":"http:\/\/fabryka-staroci.pl\/en\/wp-json\/wp\/v2\/product_cat?post=979"},{"taxonomy":"product_tag","embeddable":true,"href":"http:\/\/fabryka-staroci.pl\/en\/wp-json\/wp\/v2\/product_tag?post=979"}],"curies":[{"name":"wp","href":"https:\/\/api.w.org\/{rel}","templated":true}]}}