{"id":983,"date":"2023-08-03T19:08:06","date_gmt":"2023-08-03T19:08:06","guid":{"rendered":"https:\/\/fabryka-staroci.pl\/?post_type=product&#038;p=983"},"modified":"2025-11-15T14:37:07","modified_gmt":"2025-11-15T14:37:07","slug":"skrzynka-coca-cola","status":"publish","type":"product","link":"http:\/\/fabryka-staroci.pl\/en\/product\/skrzynka-coca-cola\/","title":{"rendered":"Skrzynka Coca-Cola"},"content":{"rendered":"<p>Pi\u0119kna, stara, drewniana skrzynka na butelki Coca-Cola. Stan dobry &#8211; nosi \u015blady u\u017cytkowania, rysy, otarcia. Wymiary: wysoko\u015b\u0107 10cm, szeroko\u015b\u0107 47cm, g\u0142\u0119boko\u015b\u0107 30,5cm. Szacowany okres &#8211; 1950 &#8211; 1959. Pochodzenie &#8211; USA. Mo\u017ce by\u0107 u\u017cyta jako ozdoba np. sklepu, baru, restauracji czy\u00a0 kuchni.<\/p>","protected":false},"excerpt":{"rendered":"<p>Pi\u0119kna, stara, drewniana skrzynka na butelki Coca-Cola. Stan dobry &#8211; nosi \u015blady u\u017cytkowania, rysy, otarcia. Wymiary: wysoko\u015b\u0107 10cm, szeroko\u015b\u0107 47cm, g\u0142\u0119boko\u015b\u0107 30,5cm. Szacowany okres &#8211; 1950 &#8211; 1959. Pochodzenie &#8211; USA. Mo\u017ce by\u0107 u\u017cyta jako ozdoba np. sklepu, baru, restauracji czy\u00a0 kuchni.<\/p>","protected":false},"featured_media":743,"template":"","meta":[],"product_brand":[],"product_cat":[29,35,34],"product_tag":[],"class_list":{"0":"post-983","1":"product","2":"type-product","3":"status-publish","4":"has-post-thumbnail","6":"product_cat-dekoracje","7":"product_cat-drewno","8":"product_cat-stara-reklama","9":"product_shipping_class-srednie-przedmioty","11":"first","12":"outofstock","13":"shipping-taxable","14":"purchasable","15":"product-type-simple"},"_links":{"self":[{"href":"http:\/\/fabryka-staroci.pl\/en\/wp-json\/wp\/v2\/product\/983","targetHints":{"allow":["GET"]}}],"collection":[{"href":"http:\/\/fabryka-staroci.pl\/en\/wp-json\/wp\/v2\/product"}],"about":[{"href":"http:\/\/fabryka-staroci.pl\/en\/wp-json\/wp\/v2\/types\/product"}],"wp:featuredmedia":[{"embeddable":true,"href":"http:\/\/fabryka-staroci.pl\/en\/wp-json\/wp\/v2\/media\/743"}],"wp:attachment":[{"href":"http:\/\/fabryka-staroci.pl\/en\/wp-json\/wp\/v2\/media?parent=983"}],"wp:term":[{"taxonomy":"product_brand","embeddable":true,"href":"http:\/\/fabryka-staroci.pl\/en\/wp-json\/wp\/v2\/product_brand?post=983"},{"taxonomy":"product_cat","embeddable":true,"href":"http:\/\/fabryka-staroci.pl\/en\/wp-json\/wp\/v2\/product_cat?post=983"},{"taxonomy":"product_tag","embeddable":true,"href":"http:\/\/fabryka-staroci.pl\/en\/wp-json\/wp\/v2\/product_tag?post=983"}],"curies":[{"name":"wp","href":"https:\/\/api.w.org\/{rel}","templated":true}]}}