{"id":1106,"date":"2023-08-03T19:21:34","date_gmt":"2023-08-03T19:21:34","guid":{"rendered":"https:\/\/fabryka-staroci.pl\/?post_type=product&#038;p=1106"},"modified":"2023-10-22T17:54:09","modified_gmt":"2023-10-22T17:54:09","slug":"lampa-teatralna-ae-cremer-paris","status":"publish","type":"product","link":"http:\/\/fabryka-staroci.pl\/pl_pl\/produkt\/lampa-teatralna-ae-cremer-paris\/","title":{"rendered":"Lampa teatralna AE Cremer Paris"},"content":{"rendered":"<p>Pi\u0119kna lampa teatralna Cremer AE Paris z oryginalnymi soczewkami Fresnela umieszczona na oryginalnym statywie firmy Cremer. Wn\u0119trze lampy zosta\u0142o ca\u0142kowicie odnowione i wyposa\u017cone w energooszcz\u0119dn\u0105 \u017car\u00f3wk\u0119 A+. Okres pochodzenia 1890 &#8211; 1919. Kraj pochodzenia Francja. Wymiary: wysoko\u015b\u0107 180cm, g\u0142\u0119boko\u015b\u0107 lampy 24cm, a szekoroko\u015b\u0107 jej 18cm. Stan dobry, z widocznymi \u015bladami u\u017cytkowania.<\/p>\n","protected":false},"excerpt":{"rendered":"<p>Pi\u0119kna lampa teatralna Cremer AE Paris z oryginalnymi soczewkami Fresnela umieszczona na oryginalnym statywie firmy Cremer. Wn\u0119trze lampy zosta\u0142o ca\u0142kowicie odnowione i wyposa\u017cone w energooszcz\u0119dn\u0105 \u017car\u00f3wk\u0119 A+. Okres pochodzenia 1890 &#8211; 1919. Kraj pochodzenia Francja. Wymiary: wysoko\u015b\u0107 180cm, g\u0142\u0119boko\u015b\u0107 lampy 24cm, a szekoroko\u015b\u0107 jej 18cm. Stan dobry, z widocznymi \u015bladami u\u017cytkowania.<\/p>\n","protected":false},"featured_media":1107,"template":"","meta":[],"product_brand":[],"product_cat":[29,27],"product_tag":[],"class_list":{"0":"post-1106","1":"product","2":"type-product","3":"status-publish","4":"has-post-thumbnail","6":"product_cat-dekoracje","7":"product_cat-nowosci","8":"product_shipping_class-duze-przedmioty","10":"first","11":"outofstock","12":"shipping-taxable","13":"purchasable","14":"product-type-simple"},"_links":{"self":[{"href":"http:\/\/fabryka-staroci.pl\/pl_pl\/wp-json\/wp\/v2\/product\/1106","targetHints":{"allow":["GET"]}}],"collection":[{"href":"http:\/\/fabryka-staroci.pl\/pl_pl\/wp-json\/wp\/v2\/product"}],"about":[{"href":"http:\/\/fabryka-staroci.pl\/pl_pl\/wp-json\/wp\/v2\/types\/product"}],"wp:featuredmedia":[{"embeddable":true,"href":"http:\/\/fabryka-staroci.pl\/pl_pl\/wp-json\/wp\/v2\/media\/1107"}],"wp:attachment":[{"href":"http:\/\/fabryka-staroci.pl\/pl_pl\/wp-json\/wp\/v2\/media?parent=1106"}],"wp:term":[{"taxonomy":"product_brand","embeddable":true,"href":"http:\/\/fabryka-staroci.pl\/pl_pl\/wp-json\/wp\/v2\/product_brand?post=1106"},{"taxonomy":"product_cat","embeddable":true,"href":"http:\/\/fabryka-staroci.pl\/pl_pl\/wp-json\/wp\/v2\/product_cat?post=1106"},{"taxonomy":"product_tag","embeddable":true,"href":"http:\/\/fabryka-staroci.pl\/pl_pl\/wp-json\/wp\/v2\/product_tag?post=1106"}],"curies":[{"name":"wp","href":"https:\/\/api.w.org\/{rel}","templated":true}]}}