{"id":1160,"date":"2023-09-11T10:06:47","date_gmt":"2023-09-11T10:06:47","guid":{"rendered":"https:\/\/fabryka-staroci.pl\/?post_type=product&#038;p=1160"},"modified":"2023-09-28T07:29:53","modified_gmt":"2023-09-28T07:29:53","slug":"reklama-coca-cola-2","status":"publish","type":"product","link":"http:\/\/fabryka-staroci.pl\/pl_pl\/produkt\/reklama-coca-cola-2\/","title":{"rendered":"Reklama Coca-Cola"},"content":{"rendered":"<p>Bardzo rzadka reklama Coca-Cola z 1959r. Kraj pochodzenia &#8211; Belgia. Stan dobry ze \u015bladami u\u017cytkowania. Wymiary: wysoko\u015b\u0107 67cm, szeroko\u015b\u0107 41cm.<\/p>\n","protected":false},"excerpt":{"rendered":"<p>Bardzo rzadka reklama Coca-Cola z 1959r. Kraj pochodzenia &#8211; Belgia. Stan dobry ze \u015bladami u\u017cytkowania. Wymiary: wysoko\u015b\u0107 67cm, szeroko\u015b\u0107 41cm.<\/p>\n","protected":false},"featured_media":737,"template":"","meta":[],"product_brand":[],"product_cat":[29,34],"product_tag":[],"class_list":{"0":"post-1160","1":"product","2":"type-product","3":"status-publish","4":"has-post-thumbnail","6":"product_cat-dekoracje","7":"product_cat-stara-reklama","8":"product_shipping_class-srednie-przedmioty","10":"first","11":"outofstock","12":"shipping-taxable","13":"purchasable","14":"product-type-simple"},"_links":{"self":[{"href":"http:\/\/fabryka-staroci.pl\/pl_pl\/wp-json\/wp\/v2\/product\/1160","targetHints":{"allow":["GET"]}}],"collection":[{"href":"http:\/\/fabryka-staroci.pl\/pl_pl\/wp-json\/wp\/v2\/product"}],"about":[{"href":"http:\/\/fabryka-staroci.pl\/pl_pl\/wp-json\/wp\/v2\/types\/product"}],"wp:featuredmedia":[{"embeddable":true,"href":"http:\/\/fabryka-staroci.pl\/pl_pl\/wp-json\/wp\/v2\/media\/737"}],"wp:attachment":[{"href":"http:\/\/fabryka-staroci.pl\/pl_pl\/wp-json\/wp\/v2\/media?parent=1160"}],"wp:term":[{"taxonomy":"product_brand","embeddable":true,"href":"http:\/\/fabryka-staroci.pl\/pl_pl\/wp-json\/wp\/v2\/product_brand?post=1160"},{"taxonomy":"product_cat","embeddable":true,"href":"http:\/\/fabryka-staroci.pl\/pl_pl\/wp-json\/wp\/v2\/product_cat?post=1160"},{"taxonomy":"product_tag","embeddable":true,"href":"http:\/\/fabryka-staroci.pl\/pl_pl\/wp-json\/wp\/v2\/product_tag?post=1160"}],"curies":[{"name":"wp","href":"https:\/\/api.w.org\/{rel}","templated":true}]}}