{"id":1161,"date":"2023-09-11T10:08:34","date_gmt":"2023-09-11T10:08:34","guid":{"rendered":"https:\/\/fabryka-staroci.pl\/?post_type=product&#038;p=1161"},"modified":"2023-09-11T10:08:52","modified_gmt":"2023-09-11T10:08:52","slug":"dzban-2","status":"publish","type":"product","link":"http:\/\/fabryka-staroci.pl\/pl_pl\/produkt\/dzban-2\/","title":{"rendered":"Dzban"},"content":{"rendered":"<p>Dzban z motywem indyjskim. Miejsce pochodzenia Azja. Szacowany okres nieznany. Stan bardzo dobry. Wymiary: wysoko\u015b\u0107-85cm, szeroko\u015b\u0107- 34cm, grubo\u015b\u0107- 23cm.<\/p>\n","protected":false},"excerpt":{"rendered":"<p>Dzban z motywem indyjskim. Miejsce pochodzenia Azja. Szacowany okres nieznany. Stan bardzo dobry. Wymiary: wysoko\u015b\u0107-85cm, szeroko\u015b\u0107- 34cm, grubo\u015b\u0107- 23cm.<\/p>\n","protected":false},"featured_media":1048,"template":"","meta":[],"product_brand":[],"product_cat":[29,36],"product_tag":[],"class_list":{"0":"post-1161","1":"product","2":"type-product","3":"status-publish","4":"has-post-thumbnail","6":"product_cat-dekoracje","7":"product_cat-inne","8":"product_shipping_class-duze-przedmioty","10":"first","11":"instock","12":"shipping-taxable","13":"purchasable","14":"product-type-simple"},"_links":{"self":[{"href":"http:\/\/fabryka-staroci.pl\/pl_pl\/wp-json\/wp\/v2\/product\/1161","targetHints":{"allow":["GET"]}}],"collection":[{"href":"http:\/\/fabryka-staroci.pl\/pl_pl\/wp-json\/wp\/v2\/product"}],"about":[{"href":"http:\/\/fabryka-staroci.pl\/pl_pl\/wp-json\/wp\/v2\/types\/product"}],"wp:featuredmedia":[{"embeddable":true,"href":"http:\/\/fabryka-staroci.pl\/pl_pl\/wp-json\/wp\/v2\/media\/1048"}],"wp:attachment":[{"href":"http:\/\/fabryka-staroci.pl\/pl_pl\/wp-json\/wp\/v2\/media?parent=1161"}],"wp:term":[{"taxonomy":"product_brand","embeddable":true,"href":"http:\/\/fabryka-staroci.pl\/pl_pl\/wp-json\/wp\/v2\/product_brand?post=1161"},{"taxonomy":"product_cat","embeddable":true,"href":"http:\/\/fabryka-staroci.pl\/pl_pl\/wp-json\/wp\/v2\/product_cat?post=1161"},{"taxonomy":"product_tag","embeddable":true,"href":"http:\/\/fabryka-staroci.pl\/pl_pl\/wp-json\/wp\/v2\/product_tag?post=1161"}],"curies":[{"name":"wp","href":"https:\/\/api.w.org\/{rel}","templated":true}]}}