{"id":1164,"date":"2023-09-11T10:12:22","date_gmt":"2023-09-11T10:12:22","guid":{"rendered":"https:\/\/fabryka-staroci.pl\/?post_type=product&#038;p=1164"},"modified":"2023-09-11T10:13:05","modified_gmt":"2023-09-11T10:13:05","slug":"lampa-jean-louis-domecq-2","status":"publish","type":"product","link":"http:\/\/fabryka-staroci.pl\/pl_pl\/produkt\/lampa-jean-louis-domecq-2\/","title":{"rendered":"Lampa Jean &#8211; Louis DOMECQ"},"content":{"rendered":"<p>Ikona designu francuskiego z po\u0142owy XX wieku, w stylu industrialnym. Kraj pochodzenia Francja 1950r. Wymiary&#8221;: wysoko\u015b\u0107 68cm, szeroko\u015b\u0107 20cm, g\u0142\u0119boko\u015b\u0107 20cm.<\/p>\n","protected":false},"excerpt":{"rendered":"<p>Ikona designu francuskiego z po\u0142owy XX wieku, w stylu industrialnym. Kraj pochodzenia Francja 1950r. Wymiary&#8221;: wysoko\u015b\u0107 68cm, szeroko\u015b\u0107 20cm, g\u0142\u0119boko\u015b\u0107 20cm.<\/p>\n","protected":false},"featured_media":700,"template":"","meta":[],"product_brand":[],"product_cat":[29,36],"product_tag":[],"class_list":{"0":"post-1164","1":"product","2":"type-product","3":"status-publish","4":"has-post-thumbnail","6":"product_cat-dekoracje","7":"product_cat-inne","8":"product_shipping_class-srednie-przedmioty","10":"first","11":"instock","12":"shipping-taxable","13":"purchasable","14":"product-type-simple"},"_links":{"self":[{"href":"http:\/\/fabryka-staroci.pl\/pl_pl\/wp-json\/wp\/v2\/product\/1164","targetHints":{"allow":["GET"]}}],"collection":[{"href":"http:\/\/fabryka-staroci.pl\/pl_pl\/wp-json\/wp\/v2\/product"}],"about":[{"href":"http:\/\/fabryka-staroci.pl\/pl_pl\/wp-json\/wp\/v2\/types\/product"}],"wp:featuredmedia":[{"embeddable":true,"href":"http:\/\/fabryka-staroci.pl\/pl_pl\/wp-json\/wp\/v2\/media\/700"}],"wp:attachment":[{"href":"http:\/\/fabryka-staroci.pl\/pl_pl\/wp-json\/wp\/v2\/media?parent=1164"}],"wp:term":[{"taxonomy":"product_brand","embeddable":true,"href":"http:\/\/fabryka-staroci.pl\/pl_pl\/wp-json\/wp\/v2\/product_brand?post=1164"},{"taxonomy":"product_cat","embeddable":true,"href":"http:\/\/fabryka-staroci.pl\/pl_pl\/wp-json\/wp\/v2\/product_cat?post=1164"},{"taxonomy":"product_tag","embeddable":true,"href":"http:\/\/fabryka-staroci.pl\/pl_pl\/wp-json\/wp\/v2\/product_tag?post=1164"}],"curies":[{"name":"wp","href":"https:\/\/api.w.org\/{rel}","templated":true}]}}