{"id":1165,"date":"2023-09-11T10:13:50","date_gmt":"2023-09-11T10:13:50","guid":{"rendered":"https:\/\/fabryka-staroci.pl\/?post_type=product&#038;p=1165"},"modified":"2023-09-11T10:14:07","modified_gmt":"2023-09-11T10:14:07","slug":"odwazniki-2","status":"publish","type":"product","link":"http:\/\/fabryka-staroci.pl\/pl_pl\/produkt\/odwazniki-2\/","title":{"rendered":"Odwa\u017cniki"},"content":{"rendered":"<p>Pi\u0119kny, francuski zestaw odwa\u017cnik\u00f3w mosi\u0119\u017cno &#8211; miedzianych w ozdobnym drewnianym bloku. Dawniej u\u017cywany we francuskim sklepie mi\u0119snym. Szacowany okres pochodzenia to pocz\u0105tek XX wieku. Kraj pochodzenia &#8211; Francja. Wymiary 10cm x 23cm x 10cm<\/p>\n","protected":false},"excerpt":{"rendered":"<p>Pi\u0119kny, francuski zestaw odwa\u017cnik\u00f3w mosi\u0119\u017cno &#8211; miedzianych w ozdobnym drewnianym bloku. Dawniej u\u017cywany we francuskim sklepie mi\u0119snym. Szacowany okres pochodzenia to pocz\u0105tek XX wieku. Kraj pochodzenia &#8211; Francja. Wymiary 10cm x 23cm x 10cm<\/p>\n","protected":false},"featured_media":853,"template":"","meta":[],"product_brand":[],"product_cat":[29,36],"product_tag":[],"class_list":{"0":"post-1165","1":"product","2":"type-product","3":"status-publish","4":"has-post-thumbnail","6":"product_cat-dekoracje","7":"product_cat-inne","8":"product_shipping_class-srednie-przedmioty","10":"first","11":"instock","12":"shipping-taxable","13":"purchasable","14":"product-type-simple"},"_links":{"self":[{"href":"http:\/\/fabryka-staroci.pl\/pl_pl\/wp-json\/wp\/v2\/product\/1165","targetHints":{"allow":["GET"]}}],"collection":[{"href":"http:\/\/fabryka-staroci.pl\/pl_pl\/wp-json\/wp\/v2\/product"}],"about":[{"href":"http:\/\/fabryka-staroci.pl\/pl_pl\/wp-json\/wp\/v2\/types\/product"}],"wp:featuredmedia":[{"embeddable":true,"href":"http:\/\/fabryka-staroci.pl\/pl_pl\/wp-json\/wp\/v2\/media\/853"}],"wp:attachment":[{"href":"http:\/\/fabryka-staroci.pl\/pl_pl\/wp-json\/wp\/v2\/media?parent=1165"}],"wp:term":[{"taxonomy":"product_brand","embeddable":true,"href":"http:\/\/fabryka-staroci.pl\/pl_pl\/wp-json\/wp\/v2\/product_brand?post=1165"},{"taxonomy":"product_cat","embeddable":true,"href":"http:\/\/fabryka-staroci.pl\/pl_pl\/wp-json\/wp\/v2\/product_cat?post=1165"},{"taxonomy":"product_tag","embeddable":true,"href":"http:\/\/fabryka-staroci.pl\/pl_pl\/wp-json\/wp\/v2\/product_tag?post=1165"}],"curies":[{"name":"wp","href":"https:\/\/api.w.org\/{rel}","templated":true}]}}