{"id":1166,"date":"2023-09-11T10:14:55","date_gmt":"2023-09-11T10:14:55","guid":{"rendered":"https:\/\/fabryka-staroci.pl\/?post_type=product&#038;p=1166"},"modified":"2023-09-28T07:30:11","modified_gmt":"2023-09-28T07:30:11","slug":"metalowy-szyld-2","status":"publish","type":"product","link":"http:\/\/fabryka-staroci.pl\/pl_pl\/produkt\/metalowy-szyld-2\/","title":{"rendered":"METALOWY SZYLD"},"content":{"rendered":"<p>Stary, metalowy szyld w\u0142oski. Jego kolory: czarny, szary i z\u0142oty. Szacowany okres 1960- 1969. Wymiary: d\u0142ugo\u015b\u0107 &#8211; 115cm, wysoko\u015b\u0107 &#8211; 39cm. Nosi \u015blady u\u017cytkowania.<\/p>\n","protected":false},"excerpt":{"rendered":"<p>Stary, metalowy szyld w\u0142oski. Jego kolory: czarny, szary i z\u0142oty. Szacowany okres 1960- 1969. Wymiary: d\u0142ugo\u015b\u0107 &#8211; 115cm, wysoko\u015b\u0107 &#8211; 39cm. Nosi \u015blady u\u017cytkowania.<\/p>\n","protected":false},"featured_media":1089,"template":"","meta":[],"product_brand":[],"product_cat":[29,36,34],"product_tag":[],"class_list":{"0":"post-1166","1":"product","2":"type-product","3":"status-publish","4":"has-post-thumbnail","6":"product_cat-dekoracje","7":"product_cat-inne","8":"product_cat-stara-reklama","9":"product_shipping_class-duze-przedmioty","11":"first","12":"instock","13":"shipping-taxable","14":"purchasable","15":"product-type-simple"},"_links":{"self":[{"href":"http:\/\/fabryka-staroci.pl\/pl_pl\/wp-json\/wp\/v2\/product\/1166","targetHints":{"allow":["GET"]}}],"collection":[{"href":"http:\/\/fabryka-staroci.pl\/pl_pl\/wp-json\/wp\/v2\/product"}],"about":[{"href":"http:\/\/fabryka-staroci.pl\/pl_pl\/wp-json\/wp\/v2\/types\/product"}],"wp:featuredmedia":[{"embeddable":true,"href":"http:\/\/fabryka-staroci.pl\/pl_pl\/wp-json\/wp\/v2\/media\/1089"}],"wp:attachment":[{"href":"http:\/\/fabryka-staroci.pl\/pl_pl\/wp-json\/wp\/v2\/media?parent=1166"}],"wp:term":[{"taxonomy":"product_brand","embeddable":true,"href":"http:\/\/fabryka-staroci.pl\/pl_pl\/wp-json\/wp\/v2\/product_brand?post=1166"},{"taxonomy":"product_cat","embeddable":true,"href":"http:\/\/fabryka-staroci.pl\/pl_pl\/wp-json\/wp\/v2\/product_cat?post=1166"},{"taxonomy":"product_tag","embeddable":true,"href":"http:\/\/fabryka-staroci.pl\/pl_pl\/wp-json\/wp\/v2\/product_tag?post=1166"}],"curies":[{"name":"wp","href":"https:\/\/api.w.org\/{rel}","templated":true}]}}