{"id":1168,"date":"2023-09-11T10:17:45","date_gmt":"2023-09-11T10:17:45","guid":{"rendered":"https:\/\/fabryka-staroci.pl\/?post_type=product&#038;p=1168"},"modified":"2023-09-28T07:28:49","modified_gmt":"2023-09-28T07:28:49","slug":"neon-marlboro-2","status":"publish","type":"product","link":"http:\/\/fabryka-staroci.pl\/pl_pl\/produkt\/neon-marlboro-2\/","title":{"rendered":"Neon Marlboro"},"content":{"rendered":"<p>Neonowe o\u015bwietlenie reklamy Marlboro. Kolor o\u015bwietlenia: bia\u0142y, czerwony, niebieski. Pochodzi z okresu mi\u0119dzy 1990 a 1999. Wymiary: wysoko\u015b\u0107 42cm, szeroko\u015b\u0107 48cm, g\u0142\u0119boko\u015b\u0107 14cm. Technicznie w stanie bardzo dobrym. Kraj pochodzenia &#8211; Holandia. Materia\u0142: metal, szk\u0142o.<\/p>\n","protected":false},"excerpt":{"rendered":"<p>Reklama, neon Malboro.<\/p>\n","protected":false},"featured_media":656,"template":"","meta":[],"product_brand":[],"product_cat":[29,34],"product_tag":[],"class_list":{"0":"post-1168","1":"product","2":"type-product","3":"status-publish","4":"has-post-thumbnail","6":"product_cat-dekoracje","7":"product_cat-stara-reklama","8":"product_shipping_class-duze-przedmioty","10":"first","11":"outofstock","12":"shipping-taxable","13":"purchasable","14":"product-type-simple"},"_links":{"self":[{"href":"http:\/\/fabryka-staroci.pl\/pl_pl\/wp-json\/wp\/v2\/product\/1168","targetHints":{"allow":["GET"]}}],"collection":[{"href":"http:\/\/fabryka-staroci.pl\/pl_pl\/wp-json\/wp\/v2\/product"}],"about":[{"href":"http:\/\/fabryka-staroci.pl\/pl_pl\/wp-json\/wp\/v2\/types\/product"}],"wp:featuredmedia":[{"embeddable":true,"href":"http:\/\/fabryka-staroci.pl\/pl_pl\/wp-json\/wp\/v2\/media\/656"}],"wp:attachment":[{"href":"http:\/\/fabryka-staroci.pl\/pl_pl\/wp-json\/wp\/v2\/media?parent=1168"}],"wp:term":[{"taxonomy":"product_brand","embeddable":true,"href":"http:\/\/fabryka-staroci.pl\/pl_pl\/wp-json\/wp\/v2\/product_brand?post=1168"},{"taxonomy":"product_cat","embeddable":true,"href":"http:\/\/fabryka-staroci.pl\/pl_pl\/wp-json\/wp\/v2\/product_cat?post=1168"},{"taxonomy":"product_tag","embeddable":true,"href":"http:\/\/fabryka-staroci.pl\/pl_pl\/wp-json\/wp\/v2\/product_tag?post=1168"}],"curies":[{"name":"wp","href":"https:\/\/api.w.org\/{rel}","templated":true}]}}