{"id":1247,"date":"2023-09-23T18:52:53","date_gmt":"2023-09-23T18:52:53","guid":{"rendered":"https:\/\/fabryka-staroci.pl\/?post_type=product&#038;p=1247"},"modified":"2023-09-23T18:52:53","modified_gmt":"2023-09-23T18:52:53","slug":"maszyna-underwood","status":"publish","type":"product","link":"http:\/\/fabryka-staroci.pl\/pl_pl\/produkt\/maszyna-underwood\/","title":{"rendered":"Maszyna Underwood"},"content":{"rendered":"<p>Stara, ameryka\u0144ska maszyna do pisania Underwood No 5. Model Underwood 5 uwa\u017cany jest za jedn\u0105 z pierwszych w pe\u0142ni nowoczesnych maszyn do pisania. Autor\/wytw\u00f3rca &#8211; Underwood Typewriter Company Inc. Czas powstania to lata 1915-1920. Waga ok. 10gk. Wymiary: Wymiary szer.40 wysok.24 gl\u0119b.30. Nosi \u015blady u\u017cytkowania, widoczne rysy, zabrudzenia.<\/p>\n","protected":false},"excerpt":{"rendered":"<p>Stara, ameryka\u0144ska maszyna do pisania Underwood No 5. Model Underwood 5 uwa\u017cany jest za jedn\u0105 z pierwszych w pe\u0142ni nowoczesnych maszyn do pisania. Autor\/wytw\u00f3rca &#8211; Underwood Typewriter Company Inc. Czas powstania to lata 1915-1920. Waga ok. 10gk. Wymiary: Wymiary szer.40 wysok.24 gl\u0119b.30. Nosi \u015blady u\u017cytkowania, widoczne rysy, zabrudzenia.<\/p>\n","protected":false},"featured_media":1198,"template":"","meta":[],"product_brand":[],"product_cat":[29,36],"product_tag":[],"class_list":{"0":"post-1247","1":"product","2":"type-product","3":"status-publish","4":"has-post-thumbnail","6":"product_cat-dekoracje","7":"product_cat-inne","8":"product_shipping_class-duze-przedmioty","10":"first","11":"instock","12":"shipping-taxable","13":"purchasable","14":"product-type-simple"},"_links":{"self":[{"href":"http:\/\/fabryka-staroci.pl\/pl_pl\/wp-json\/wp\/v2\/product\/1247","targetHints":{"allow":["GET"]}}],"collection":[{"href":"http:\/\/fabryka-staroci.pl\/pl_pl\/wp-json\/wp\/v2\/product"}],"about":[{"href":"http:\/\/fabryka-staroci.pl\/pl_pl\/wp-json\/wp\/v2\/types\/product"}],"wp:featuredmedia":[{"embeddable":true,"href":"http:\/\/fabryka-staroci.pl\/pl_pl\/wp-json\/wp\/v2\/media\/1198"}],"wp:attachment":[{"href":"http:\/\/fabryka-staroci.pl\/pl_pl\/wp-json\/wp\/v2\/media?parent=1247"}],"wp:term":[{"taxonomy":"product_brand","embeddable":true,"href":"http:\/\/fabryka-staroci.pl\/pl_pl\/wp-json\/wp\/v2\/product_brand?post=1247"},{"taxonomy":"product_cat","embeddable":true,"href":"http:\/\/fabryka-staroci.pl\/pl_pl\/wp-json\/wp\/v2\/product_cat?post=1247"},{"taxonomy":"product_tag","embeddable":true,"href":"http:\/\/fabryka-staroci.pl\/pl_pl\/wp-json\/wp\/v2\/product_tag?post=1247"}],"curies":[{"name":"wp","href":"https:\/\/api.w.org\/{rel}","templated":true}]}}