{"id":1647,"date":"2023-10-14T19:28:23","date_gmt":"2023-10-14T19:28:23","guid":{"rendered":"https:\/\/fabryka-staroci.pl\/?post_type=product&#038;p=1647"},"modified":"2023-10-14T19:28:23","modified_gmt":"2023-10-14T19:28:23","slug":"garnek-z-zeliwa","status":"publish","type":"product","link":"http:\/\/fabryka-staroci.pl\/pl_pl\/produkt\/garnek-z-zeliwa\/","title":{"rendered":"Garnek z \u017celiwa"},"content":{"rendered":"<p>Stary, \u017celiwny garnek (sagan). Nosi \u015blady u\u017cytkowania z pi\u0119kna patyn\u0105. Doskona\u0142a ozdoba domu, ogrodu itp. Wymiary: wysoko\u015b\u0107 22,5cm; szeroko\u015b\u0107 20cm\u00a0 ( z uszami 26cm).<\/p>\n","protected":false},"excerpt":{"rendered":"<p>Stary, \u017celiwny garnek (sagan). Nosi \u015blady u\u017cytkowania z pi\u0119kna patyn\u0105. Doskona\u0142a ozdoba domu, ogrodu itp. Wymiary: wysoko\u015b\u0107 22,5cm; szeroko\u015b\u0107 20cm\u00a0 ( z uszami 26cm).<\/p>\n","protected":false},"featured_media":1403,"template":"","meta":[],"product_brand":[],"product_cat":[29],"product_tag":[],"class_list":{"0":"post-1647","1":"product","2":"type-product","3":"status-publish","4":"has-post-thumbnail","6":"product_cat-dekoracje","7":"product_shipping_class-srednie-przedmioty","9":"first","10":"instock","11":"shipping-taxable","12":"purchasable","13":"product-type-simple"},"_links":{"self":[{"href":"http:\/\/fabryka-staroci.pl\/pl_pl\/wp-json\/wp\/v2\/product\/1647","targetHints":{"allow":["GET"]}}],"collection":[{"href":"http:\/\/fabryka-staroci.pl\/pl_pl\/wp-json\/wp\/v2\/product"}],"about":[{"href":"http:\/\/fabryka-staroci.pl\/pl_pl\/wp-json\/wp\/v2\/types\/product"}],"wp:featuredmedia":[{"embeddable":true,"href":"http:\/\/fabryka-staroci.pl\/pl_pl\/wp-json\/wp\/v2\/media\/1403"}],"wp:attachment":[{"href":"http:\/\/fabryka-staroci.pl\/pl_pl\/wp-json\/wp\/v2\/media?parent=1647"}],"wp:term":[{"taxonomy":"product_brand","embeddable":true,"href":"http:\/\/fabryka-staroci.pl\/pl_pl\/wp-json\/wp\/v2\/product_brand?post=1647"},{"taxonomy":"product_cat","embeddable":true,"href":"http:\/\/fabryka-staroci.pl\/pl_pl\/wp-json\/wp\/v2\/product_cat?post=1647"},{"taxonomy":"product_tag","embeddable":true,"href":"http:\/\/fabryka-staroci.pl\/pl_pl\/wp-json\/wp\/v2\/product_tag?post=1647"}],"curies":[{"name":"wp","href":"https:\/\/api.w.org\/{rel}","templated":true}]}}