{"id":1652,"date":"2023-10-14T20:10:03","date_gmt":"2023-10-14T20:10:03","guid":{"rendered":"https:\/\/fabryka-staroci.pl\/?post_type=product&#038;p=1652"},"modified":"2023-10-14T20:10:03","modified_gmt":"2023-10-14T20:10:03","slug":"golf-torba-pokrowiec-kije-i-pileczki-golfowe","status":"publish","type":"product","link":"http:\/\/fabryka-staroci.pl\/pl_pl\/produkt\/golf-torba-pokrowiec-kije-i-pileczki-golfowe\/","title":{"rendered":"Golf- torba, pokrowiec, kije i pi\u0142eczki golfowe"},"content":{"rendered":"<p>Zestaw do golfa &#8211; torba, pokrowiec od deszczu, pi\u0142eczki, cztery kije, nosi \u015blady u\u017cytkowania. Kraj pochodzenia Anglia. Mo\u017ce by\u0107 dekoracj\u0105 wn\u0119trza. Wymiary torby: wysoko\u015b\u0107 88cm; szeroko\u015b\u0107 20cm; g\u0142\u0119boko\u015b\u0107 27cm.<\/p>\n","protected":false},"excerpt":{"rendered":"<p>Zestaw do golfa &#8211; torba, pokrowiec od deszczu, pi\u0142eczki, cztery kije, nosi \u015blady u\u017cytkowania. Kraj pochodzenia Anglia. Mo\u017ce by\u0107 dekoracj\u0105 wn\u0119trza. Wymiary torby: wysoko\u015b\u0107 88cm; szeroko\u015b\u0107 20cm; g\u0142\u0119boko\u015b\u0107 27cm.<\/p>\n","protected":false},"featured_media":1446,"template":"","meta":[],"product_brand":[],"product_cat":[29,36],"product_tag":[],"class_list":{"0":"post-1652","1":"product","2":"type-product","3":"status-publish","4":"has-post-thumbnail","6":"product_cat-dekoracje","7":"product_cat-inne","8":"product_shipping_class-duze-przedmioty","10":"first","11":"instock","12":"shipping-taxable","13":"purchasable","14":"product-type-simple"},"_links":{"self":[{"href":"http:\/\/fabryka-staroci.pl\/pl_pl\/wp-json\/wp\/v2\/product\/1652","targetHints":{"allow":["GET"]}}],"collection":[{"href":"http:\/\/fabryka-staroci.pl\/pl_pl\/wp-json\/wp\/v2\/product"}],"about":[{"href":"http:\/\/fabryka-staroci.pl\/pl_pl\/wp-json\/wp\/v2\/types\/product"}],"wp:featuredmedia":[{"embeddable":true,"href":"http:\/\/fabryka-staroci.pl\/pl_pl\/wp-json\/wp\/v2\/media\/1446"}],"wp:attachment":[{"href":"http:\/\/fabryka-staroci.pl\/pl_pl\/wp-json\/wp\/v2\/media?parent=1652"}],"wp:term":[{"taxonomy":"product_brand","embeddable":true,"href":"http:\/\/fabryka-staroci.pl\/pl_pl\/wp-json\/wp\/v2\/product_brand?post=1652"},{"taxonomy":"product_cat","embeddable":true,"href":"http:\/\/fabryka-staroci.pl\/pl_pl\/wp-json\/wp\/v2\/product_cat?post=1652"},{"taxonomy":"product_tag","embeddable":true,"href":"http:\/\/fabryka-staroci.pl\/pl_pl\/wp-json\/wp\/v2\/product_tag?post=1652"}],"curies":[{"name":"wp","href":"https:\/\/api.w.org\/{rel}","templated":true}]}}