{"id":1653,"date":"2023-10-14T20:21:29","date_gmt":"2023-10-14T20:21:29","guid":{"rendered":"https:\/\/fabryka-staroci.pl\/?post_type=product&#038;p=1653"},"modified":"2023-10-14T20:21:29","modified_gmt":"2023-10-14T20:21:29","slug":"walizka-niemiecka","status":"publish","type":"product","link":"http:\/\/fabryka-staroci.pl\/pl_pl\/produkt\/walizka-niemiecka\/","title":{"rendered":"Walizka niemiecka"},"content":{"rendered":"<p>Stara, br\u0105zowa walizka. Stan dobry. Okres pochodzenia lata 40-te. Kraj pochodzenia Niemcy. Nosi \u015blady u\u017cytkowania. Wymiary: szeroko\u015b\u0107 70cm; wysoko\u015b\u0107 23cm; g\u0142\u0119boko\u015b\u0107 41cm<\/p>\n","protected":false},"excerpt":{"rendered":"<p>Stara, br\u0105zowa walizka. Stan dobry. Okres pochodzenia lata 40-te. Kraj pochodzenia Niemcy. Nosi \u015blady u\u017cytkowania. Wymiary: szeroko\u015b\u0107 70cm; wysoko\u015b\u0107 23cm; g\u0142\u0119boko\u015b\u0107 41cm<\/p>\n","protected":false},"featured_media":1458,"template":"","meta":[],"product_brand":[],"product_cat":[29,36],"product_tag":[],"class_list":{"0":"post-1653","1":"product","2":"type-product","3":"status-publish","4":"has-post-thumbnail","6":"product_cat-dekoracje","7":"product_cat-inne","8":"product_shipping_class-duze-przedmioty","10":"first","11":"instock","12":"shipping-taxable","13":"purchasable","14":"product-type-simple"},"_links":{"self":[{"href":"http:\/\/fabryka-staroci.pl\/pl_pl\/wp-json\/wp\/v2\/product\/1653","targetHints":{"allow":["GET"]}}],"collection":[{"href":"http:\/\/fabryka-staroci.pl\/pl_pl\/wp-json\/wp\/v2\/product"}],"about":[{"href":"http:\/\/fabryka-staroci.pl\/pl_pl\/wp-json\/wp\/v2\/types\/product"}],"wp:featuredmedia":[{"embeddable":true,"href":"http:\/\/fabryka-staroci.pl\/pl_pl\/wp-json\/wp\/v2\/media\/1458"}],"wp:attachment":[{"href":"http:\/\/fabryka-staroci.pl\/pl_pl\/wp-json\/wp\/v2\/media?parent=1653"}],"wp:term":[{"taxonomy":"product_brand","embeddable":true,"href":"http:\/\/fabryka-staroci.pl\/pl_pl\/wp-json\/wp\/v2\/product_brand?post=1653"},{"taxonomy":"product_cat","embeddable":true,"href":"http:\/\/fabryka-staroci.pl\/pl_pl\/wp-json\/wp\/v2\/product_cat?post=1653"},{"taxonomy":"product_tag","embeddable":true,"href":"http:\/\/fabryka-staroci.pl\/pl_pl\/wp-json\/wp\/v2\/product_tag?post=1653"}],"curies":[{"name":"wp","href":"https:\/\/api.w.org\/{rel}","templated":true}]}}