{"id":1654,"date":"2023-10-14T20:28:37","date_gmt":"2023-10-14T20:28:37","guid":{"rendered":"https:\/\/fabryka-staroci.pl\/?post_type=product&#038;p=1654"},"modified":"2023-10-14T20:28:37","modified_gmt":"2023-10-14T20:28:37","slug":"walizka-francuska","status":"publish","type":"product","link":"http:\/\/fabryka-staroci.pl\/pl_pl\/produkt\/walizka-francuska\/","title":{"rendered":"Walizka francuska"},"content":{"rendered":"<p>Stara walizka art deco z nitami. Wykonana z drewna, sk\u00f3ry i mosi\u0105dzu. Idealna do dekoracji. Nosi \u015blady u\u017cytkowania. Wymiary: szeroko\u015b\u0107 74cm; wysoko\u015b\u0107 22cm; g\u0142\u0119boko\u015b\u0107 45cm.<\/p>\n","protected":false},"excerpt":{"rendered":"<p>Stara walizka art deco z nitami. Wykonana z drewna, sk\u00f3ry i mosi\u0105dzu. Idealna do dekoracji. Nosi \u015blady u\u017cytkowania. Wymiary: szeroko\u015b\u0107 74cm; wysoko\u015b\u0107 22cm; g\u0142\u0119boko\u015b\u0107 45cm.<\/p>\n","protected":false},"featured_media":1466,"template":"","meta":[],"product_brand":[],"product_cat":[29,36],"product_tag":[],"class_list":{"0":"post-1654","1":"product","2":"type-product","3":"status-publish","4":"has-post-thumbnail","6":"product_cat-dekoracje","7":"product_cat-inne","8":"product_shipping_class-duze-przedmioty","10":"first","11":"instock","12":"shipping-taxable","13":"purchasable","14":"product-type-simple"},"_links":{"self":[{"href":"http:\/\/fabryka-staroci.pl\/pl_pl\/wp-json\/wp\/v2\/product\/1654","targetHints":{"allow":["GET"]}}],"collection":[{"href":"http:\/\/fabryka-staroci.pl\/pl_pl\/wp-json\/wp\/v2\/product"}],"about":[{"href":"http:\/\/fabryka-staroci.pl\/pl_pl\/wp-json\/wp\/v2\/types\/product"}],"wp:featuredmedia":[{"embeddable":true,"href":"http:\/\/fabryka-staroci.pl\/pl_pl\/wp-json\/wp\/v2\/media\/1466"}],"wp:attachment":[{"href":"http:\/\/fabryka-staroci.pl\/pl_pl\/wp-json\/wp\/v2\/media?parent=1654"}],"wp:term":[{"taxonomy":"product_brand","embeddable":true,"href":"http:\/\/fabryka-staroci.pl\/pl_pl\/wp-json\/wp\/v2\/product_brand?post=1654"},{"taxonomy":"product_cat","embeddable":true,"href":"http:\/\/fabryka-staroci.pl\/pl_pl\/wp-json\/wp\/v2\/product_cat?post=1654"},{"taxonomy":"product_tag","embeddable":true,"href":"http:\/\/fabryka-staroci.pl\/pl_pl\/wp-json\/wp\/v2\/product_tag?post=1654"}],"curies":[{"name":"wp","href":"https:\/\/api.w.org\/{rel}","templated":true}]}}