{"id":1663,"date":"2023-10-16T19:35:22","date_gmt":"2023-10-16T19:35:22","guid":{"rendered":"https:\/\/fabryka-staroci.pl\/?post_type=product&#038;p=1663"},"modified":"2023-10-16T19:35:22","modified_gmt":"2023-10-16T19:35:22","slug":"manekin","status":"publish","type":"product","link":"http:\/\/fabryka-staroci.pl\/pl_pl\/produkt\/manekin\/","title":{"rendered":"Manekin"},"content":{"rendered":"<p>Manekin,\u00a0 krawiecki (damski) na drewnianej nodze. Nosi \u015blady u\u017cytkowania. Idealny zar\u00f3wno do ekspozycji witryny sklepowej, na stoiska handlowe, dla projektant\u00f3w, krawcowych, jak i r\u00f3wnie\u017c \u015bwietnie si\u0119 sprawdza jako element aran\u017cacji sypialni lub garderoby. Wymiary: wysoko\u015b\u0107 148cm; szeroko\u015b\u0107 36cm; g\u0142\u0119boko\u015b\u0107 18cm.<\/p>\n","protected":false},"excerpt":{"rendered":"<p>Manekin,\u00a0 krawiecki (damski) na drewnianej nodze. Nosi \u015blady u\u017cytkowania. Idealny zar\u00f3wno do ekspozycji witryny sklepowej, na stoiska handlowe, dla projektant\u00f3w, krawcowych, jak i r\u00f3wnie\u017c \u015bwietnie si\u0119 sprawdza jako element aran\u017cacji sypialni lub garderoby. Wymiary: wysoko\u015b\u0107 148cm; szeroko\u015b\u0107 36cm; g\u0142\u0119boko\u015b\u0107 18cm.<\/p>\n","protected":false},"featured_media":1503,"template":"","meta":[],"product_brand":[],"product_cat":[29,36],"product_tag":[],"class_list":{"0":"post-1663","1":"product","2":"type-product","3":"status-publish","4":"has-post-thumbnail","6":"product_cat-dekoracje","7":"product_cat-inne","8":"product_shipping_class-duze-przedmioty","10":"first","11":"instock","12":"shipping-taxable","13":"purchasable","14":"product-type-simple"},"_links":{"self":[{"href":"http:\/\/fabryka-staroci.pl\/pl_pl\/wp-json\/wp\/v2\/product\/1663","targetHints":{"allow":["GET"]}}],"collection":[{"href":"http:\/\/fabryka-staroci.pl\/pl_pl\/wp-json\/wp\/v2\/product"}],"about":[{"href":"http:\/\/fabryka-staroci.pl\/pl_pl\/wp-json\/wp\/v2\/types\/product"}],"wp:featuredmedia":[{"embeddable":true,"href":"http:\/\/fabryka-staroci.pl\/pl_pl\/wp-json\/wp\/v2\/media\/1503"}],"wp:attachment":[{"href":"http:\/\/fabryka-staroci.pl\/pl_pl\/wp-json\/wp\/v2\/media?parent=1663"}],"wp:term":[{"taxonomy":"product_brand","embeddable":true,"href":"http:\/\/fabryka-staroci.pl\/pl_pl\/wp-json\/wp\/v2\/product_brand?post=1663"},{"taxonomy":"product_cat","embeddable":true,"href":"http:\/\/fabryka-staroci.pl\/pl_pl\/wp-json\/wp\/v2\/product_cat?post=1663"},{"taxonomy":"product_tag","embeddable":true,"href":"http:\/\/fabryka-staroci.pl\/pl_pl\/wp-json\/wp\/v2\/product_tag?post=1663"}],"curies":[{"name":"wp","href":"https:\/\/api.w.org\/{rel}","templated":true}]}}