{"id":1672,"date":"2023-10-18T19:59:15","date_gmt":"2023-10-18T19:59:15","guid":{"rendered":"https:\/\/fabryka-staroci.pl\/?post_type=product&#038;p=1672"},"modified":"2024-07-25T03:09:36","modified_gmt":"2024-07-25T03:09:36","slug":"drewniana-lopata","status":"publish","type":"product","link":"http:\/\/fabryka-staroci.pl\/pl_pl\/produkt\/drewniana-lopata\/","title":{"rendered":"Drewniana \u0142opata"},"content":{"rendered":"<p>Stara, drewniana \u0142opata do chleba. Nosi \u015blady u\u017cytkowania. Doskona\u0142y element dekoracyjny. Wymiary: d\u0142ugo\u015b\u0107 136cm; \u015brednica 28cm.<\/p>\n","protected":false},"excerpt":{"rendered":"<p>Stara, drewniana \u0142opata do chleba. Nosi \u015blady u\u017cytkowania. Doskona\u0142y element dekoracyjny. Wymiary: d\u0142ugo\u015b\u0107 136cm; \u015brednica 28cm.<\/p>\n","protected":false},"featured_media":1553,"template":"","meta":[],"product_brand":[],"product_cat":[29,35],"product_tag":[],"class_list":{"0":"post-1672","1":"product","2":"type-product","3":"status-publish","4":"has-post-thumbnail","6":"product_cat-dekoracje","7":"product_cat-drewno","8":"product_shipping_class-duze-przedmioty","10":"first","11":"outofstock","12":"shipping-taxable","13":"purchasable","14":"product-type-simple"},"_links":{"self":[{"href":"http:\/\/fabryka-staroci.pl\/pl_pl\/wp-json\/wp\/v2\/product\/1672","targetHints":{"allow":["GET"]}}],"collection":[{"href":"http:\/\/fabryka-staroci.pl\/pl_pl\/wp-json\/wp\/v2\/product"}],"about":[{"href":"http:\/\/fabryka-staroci.pl\/pl_pl\/wp-json\/wp\/v2\/types\/product"}],"wp:featuredmedia":[{"embeddable":true,"href":"http:\/\/fabryka-staroci.pl\/pl_pl\/wp-json\/wp\/v2\/media\/1553"}],"wp:attachment":[{"href":"http:\/\/fabryka-staroci.pl\/pl_pl\/wp-json\/wp\/v2\/media?parent=1672"}],"wp:term":[{"taxonomy":"product_brand","embeddable":true,"href":"http:\/\/fabryka-staroci.pl\/pl_pl\/wp-json\/wp\/v2\/product_brand?post=1672"},{"taxonomy":"product_cat","embeddable":true,"href":"http:\/\/fabryka-staroci.pl\/pl_pl\/wp-json\/wp\/v2\/product_cat?post=1672"},{"taxonomy":"product_tag","embeddable":true,"href":"http:\/\/fabryka-staroci.pl\/pl_pl\/wp-json\/wp\/v2\/product_tag?post=1672"}],"curies":[{"name":"wp","href":"https:\/\/api.w.org\/{rel}","templated":true}]}}