{"id":1674,"date":"2023-10-22T17:43:29","date_gmt":"2023-10-22T17:43:29","guid":{"rendered":"https:\/\/fabryka-staroci.pl\/?post_type=product&#038;p=1674"},"modified":"2024-07-30T11:27:59","modified_gmt":"2024-07-30T11:27:59","slug":"pagaje","status":"publish","type":"product","link":"http:\/\/fabryka-staroci.pl\/pl_pl\/produkt\/pagaje\/","title":{"rendered":"Pagaje"},"content":{"rendered":"<p>Dwa, drewniane pagaje. Okres pochodzenia nieznany. Nosz\u0105 \u015blady u\u017cytkowania. Doskona\u0142e jako dekoracja wn\u0119trza. Wymiary: d\u0142ugo\u015b\u0107 120 cm; szeroko\u015b\u0107 17 cm;<\/p>\n","protected":false},"excerpt":{"rendered":"<p>Dwa, drewniane pagaje. Okres pochodzenia nieznany. Nosz\u0105 \u015blady u\u017cytkowania. Doskona\u0142e jako dekoracja wn\u0119trza. Wymiary: d\u0142ugo\u015b\u0107 120 cm; szeroko\u015b\u0107 17 cm;<\/p>\n","protected":false},"featured_media":1557,"template":"","meta":[],"product_brand":[],"product_cat":[35],"product_tag":[],"class_list":{"0":"post-1674","1":"product","2":"type-product","3":"status-publish","4":"has-post-thumbnail","6":"product_cat-drewno","7":"product_shipping_class-srednie-przedmioty","9":"first","10":"outofstock","11":"shipping-taxable","12":"purchasable","13":"product-type-simple"},"_links":{"self":[{"href":"http:\/\/fabryka-staroci.pl\/pl_pl\/wp-json\/wp\/v2\/product\/1674","targetHints":{"allow":["GET"]}}],"collection":[{"href":"http:\/\/fabryka-staroci.pl\/pl_pl\/wp-json\/wp\/v2\/product"}],"about":[{"href":"http:\/\/fabryka-staroci.pl\/pl_pl\/wp-json\/wp\/v2\/types\/product"}],"wp:featuredmedia":[{"embeddable":true,"href":"http:\/\/fabryka-staroci.pl\/pl_pl\/wp-json\/wp\/v2\/media\/1557"}],"wp:attachment":[{"href":"http:\/\/fabryka-staroci.pl\/pl_pl\/wp-json\/wp\/v2\/media?parent=1674"}],"wp:term":[{"taxonomy":"product_brand","embeddable":true,"href":"http:\/\/fabryka-staroci.pl\/pl_pl\/wp-json\/wp\/v2\/product_brand?post=1674"},{"taxonomy":"product_cat","embeddable":true,"href":"http:\/\/fabryka-staroci.pl\/pl_pl\/wp-json\/wp\/v2\/product_cat?post=1674"},{"taxonomy":"product_tag","embeddable":true,"href":"http:\/\/fabryka-staroci.pl\/pl_pl\/wp-json\/wp\/v2\/product_tag?post=1674"}],"curies":[{"name":"wp","href":"https:\/\/api.w.org\/{rel}","templated":true}]}}