{"id":1684,"date":"2023-10-22T19:11:58","date_gmt":"2023-10-22T19:11:58","guid":{"rendered":"https:\/\/fabryka-staroci.pl\/?post_type=product&#038;p=1684"},"modified":"2023-10-22T19:11:58","modified_gmt":"2023-10-22T19:11:58","slug":"stary-kufer","status":"publish","type":"product","link":"http:\/\/fabryka-staroci.pl\/pl_pl\/produkt\/stary-kufer\/","title":{"rendered":"Stary kufer"},"content":{"rendered":"<p>Stary, niemiecki kufer z 1925r. Stan widoczny na zdj\u0119ciach. Doskona\u0142y przedmiot dekoracyjny. Wymiary: wysoko\u015b\u0107 118 cm; szeroko\u015b\u0107 53,5 cm; g\u0142\u0119boko\u015b\u0107 54 cm.<\/p>\n","protected":false},"excerpt":{"rendered":"<p>Stary, niemiecki kufer z 1925r. Stan widoczny na zdj\u0119ciach. Doskona\u0142y przedmiot dekoracyjny. Wymiary: wysoko\u015b\u0107 118 cm; szeroko\u015b\u0107 53,5 cm; g\u0142\u0119boko\u015b\u0107 54 cm.<\/p>\n","protected":false},"featured_media":1389,"template":"","meta":[],"product_brand":[],"product_cat":[29,36],"product_tag":[],"class_list":{"0":"post-1684","1":"product","2":"type-product","3":"status-publish","4":"has-post-thumbnail","6":"product_cat-dekoracje","7":"product_cat-inne","8":"product_shipping_class-duze-przedmioty","10":"first","11":"instock","12":"shipping-taxable","13":"purchasable","14":"product-type-simple"},"_links":{"self":[{"href":"http:\/\/fabryka-staroci.pl\/pl_pl\/wp-json\/wp\/v2\/product\/1684","targetHints":{"allow":["GET"]}}],"collection":[{"href":"http:\/\/fabryka-staroci.pl\/pl_pl\/wp-json\/wp\/v2\/product"}],"about":[{"href":"http:\/\/fabryka-staroci.pl\/pl_pl\/wp-json\/wp\/v2\/types\/product"}],"wp:featuredmedia":[{"embeddable":true,"href":"http:\/\/fabryka-staroci.pl\/pl_pl\/wp-json\/wp\/v2\/media\/1389"}],"wp:attachment":[{"href":"http:\/\/fabryka-staroci.pl\/pl_pl\/wp-json\/wp\/v2\/media?parent=1684"}],"wp:term":[{"taxonomy":"product_brand","embeddable":true,"href":"http:\/\/fabryka-staroci.pl\/pl_pl\/wp-json\/wp\/v2\/product_brand?post=1684"},{"taxonomy":"product_cat","embeddable":true,"href":"http:\/\/fabryka-staroci.pl\/pl_pl\/wp-json\/wp\/v2\/product_cat?post=1684"},{"taxonomy":"product_tag","embeddable":true,"href":"http:\/\/fabryka-staroci.pl\/pl_pl\/wp-json\/wp\/v2\/product_tag?post=1684"}],"curies":[{"name":"wp","href":"https:\/\/api.w.org\/{rel}","templated":true}]}}