{"id":926,"date":"2023-10-16T18:24:43","date_gmt":"2023-10-16T18:24:43","guid":{"rendered":"https:\/\/fabryka-staroci.pl\/?post_type=product&#038;p=926"},"modified":"2023-10-16T18:24:59","modified_gmt":"2023-10-16T18:24:59","slug":"skorzana-torba","status":"publish","type":"product","link":"http:\/\/fabryka-staroci.pl\/pl_pl\/produkt\/skorzana-torba\/","title":{"rendered":"Sk\u00f3rzana torba lekarska"},"content":{"rendered":"<p>Stara, sk\u00f3rzana torba lekarska. Lata 30-40 XX wieku. Nosi \u015blady u\u017cytkowania. Wymiary: szeroko\u015b\u0107 39cm; wysoko\u015b\u0107 28cm; g\u0142\u0119boko\u015b\u0107 19cm.<\/p>\n","protected":false},"excerpt":{"rendered":"<p>Stara, sk\u00f3rzana torba lekarska. Lata 30-40 XX wieku. Nosi \u015blady u\u017cytkowania. Wymiary: szeroko\u015b\u0107 39cm; wysoko\u015b\u0107 28cm; g\u0142\u0119boko\u015b\u0107 19cm.<\/p>\n","protected":false},"featured_media":900,"template":"","meta":[],"product_brand":[],"product_cat":[29,36],"product_tag":[],"class_list":{"0":"post-926","1":"product","2":"type-product","3":"status-publish","4":"has-post-thumbnail","6":"product_cat-dekoracje","7":"product_cat-inne","8":"product_shipping_class-srednie-przedmioty","10":"first","11":"instock","12":"shipping-taxable","13":"purchasable","14":"product-type-simple"},"_links":{"self":[{"href":"http:\/\/fabryka-staroci.pl\/pl_pl\/wp-json\/wp\/v2\/product\/926","targetHints":{"allow":["GET"]}}],"collection":[{"href":"http:\/\/fabryka-staroci.pl\/pl_pl\/wp-json\/wp\/v2\/product"}],"about":[{"href":"http:\/\/fabryka-staroci.pl\/pl_pl\/wp-json\/wp\/v2\/types\/product"}],"wp:featuredmedia":[{"embeddable":true,"href":"http:\/\/fabryka-staroci.pl\/pl_pl\/wp-json\/wp\/v2\/media\/900"}],"wp:attachment":[{"href":"http:\/\/fabryka-staroci.pl\/pl_pl\/wp-json\/wp\/v2\/media?parent=926"}],"wp:term":[{"taxonomy":"product_brand","embeddable":true,"href":"http:\/\/fabryka-staroci.pl\/pl_pl\/wp-json\/wp\/v2\/product_brand?post=926"},{"taxonomy":"product_cat","embeddable":true,"href":"http:\/\/fabryka-staroci.pl\/pl_pl\/wp-json\/wp\/v2\/product_cat?post=926"},{"taxonomy":"product_tag","embeddable":true,"href":"http:\/\/fabryka-staroci.pl\/pl_pl\/wp-json\/wp\/v2\/product_tag?post=926"}],"curies":[{"name":"wp","href":"https:\/\/api.w.org\/{rel}","templated":true}]}}