{"id":932,"date":"2023-09-20T17:52:08","date_gmt":"2023-09-20T17:52:08","guid":{"rendered":"https:\/\/fabryka-staroci.pl\/?post_type=product&#038;p=932"},"modified":"2023-09-20T17:52:08","modified_gmt":"2023-09-20T17:52:08","slug":"skorzana-czapka-pilotka","status":"publish","type":"product","link":"http:\/\/fabryka-staroci.pl\/pl_pl\/produkt\/skorzana-czapka-pilotka\/","title":{"rendered":"Sk\u00f3rzana czapka pilotka"},"content":{"rendered":"<p>Stara pilotka z mi\u0119kkiej sk\u00f3ry, zachowana w dobrym stanie. Czapka od wewn\u0105trz posiada bawe\u0142nian\u0105 podszewk\u0119, zapinana pod brod\u0105. <\/p>\n","protected":false},"excerpt":{"rendered":"<p>Stara pilotka z mi\u0119kkiej sk\u00f3ry, zachowana w dobrym stanie. Czapka od wewn\u0105trz posiada bawe\u0142nian\u0105 podszewk\u0119, zapinana pod brod\u0105.<\/p>\n","protected":false},"featured_media":896,"template":"","meta":[],"product_brand":[],"product_cat":[29,36],"product_tag":[],"class_list":{"0":"post-932","1":"product","2":"type-product","3":"status-publish","4":"has-post-thumbnail","6":"product_cat-dekoracje","7":"product_cat-inne","8":"product_shipping_class-male-przedmioty","10":"first","11":"instock","12":"shipping-taxable","13":"purchasable","14":"product-type-simple"},"_links":{"self":[{"href":"http:\/\/fabryka-staroci.pl\/pl_pl\/wp-json\/wp\/v2\/product\/932","targetHints":{"allow":["GET"]}}],"collection":[{"href":"http:\/\/fabryka-staroci.pl\/pl_pl\/wp-json\/wp\/v2\/product"}],"about":[{"href":"http:\/\/fabryka-staroci.pl\/pl_pl\/wp-json\/wp\/v2\/types\/product"}],"wp:featuredmedia":[{"embeddable":true,"href":"http:\/\/fabryka-staroci.pl\/pl_pl\/wp-json\/wp\/v2\/media\/896"}],"wp:attachment":[{"href":"http:\/\/fabryka-staroci.pl\/pl_pl\/wp-json\/wp\/v2\/media?parent=932"}],"wp:term":[{"taxonomy":"product_brand","embeddable":true,"href":"http:\/\/fabryka-staroci.pl\/pl_pl\/wp-json\/wp\/v2\/product_brand?post=932"},{"taxonomy":"product_cat","embeddable":true,"href":"http:\/\/fabryka-staroci.pl\/pl_pl\/wp-json\/wp\/v2\/product_cat?post=932"},{"taxonomy":"product_tag","embeddable":true,"href":"http:\/\/fabryka-staroci.pl\/pl_pl\/wp-json\/wp\/v2\/product_tag?post=932"}],"curies":[{"name":"wp","href":"https:\/\/api.w.org\/{rel}","templated":true}]}}