{"id":943,"date":"2023-09-10T19:26:02","date_gmt":"2023-09-10T19:26:02","guid":{"rendered":"https:\/\/fabryka-staroci.pl\/?post_type=product&#038;p=943"},"modified":"2023-09-10T19:26:02","modified_gmt":"2023-09-10T19:26:02","slug":"swiecznik","status":"publish","type":"product","link":"http:\/\/fabryka-staroci.pl\/pl_pl\/produkt\/swiecznik\/","title":{"rendered":"\u015awiecznik"},"content":{"rendered":"<p>\u015awiecznik bambusowy sk\u0142adaj\u0105cy si\u0119 z trzech cz\u0119\u015bci po\u0142\u0105czonych ze sob\u0105. Wysoko\u015b\u0107 ich to najwy\u017csza 100cm, \u015brednia80cm i najni\u017csza 60cm.<\/p>\n","protected":false},"excerpt":{"rendered":"<p>Bambusowy \u015bwiecznik<\/p>\n","protected":false},"featured_media":870,"template":"","meta":[],"product_brand":[],"product_cat":[29,36],"product_tag":[],"class_list":{"0":"post-943","1":"product","2":"type-product","3":"status-publish","4":"has-post-thumbnail","6":"product_cat-dekoracje","7":"product_cat-inne","8":"product_shipping_class-duze-przedmioty","10":"first","11":"instock","12":"shipping-taxable","13":"purchasable","14":"product-type-simple"},"_links":{"self":[{"href":"http:\/\/fabryka-staroci.pl\/pl_pl\/wp-json\/wp\/v2\/product\/943","targetHints":{"allow":["GET"]}}],"collection":[{"href":"http:\/\/fabryka-staroci.pl\/pl_pl\/wp-json\/wp\/v2\/product"}],"about":[{"href":"http:\/\/fabryka-staroci.pl\/pl_pl\/wp-json\/wp\/v2\/types\/product"}],"wp:featuredmedia":[{"embeddable":true,"href":"http:\/\/fabryka-staroci.pl\/pl_pl\/wp-json\/wp\/v2\/media\/870"}],"wp:attachment":[{"href":"http:\/\/fabryka-staroci.pl\/pl_pl\/wp-json\/wp\/v2\/media?parent=943"}],"wp:term":[{"taxonomy":"product_brand","embeddable":true,"href":"http:\/\/fabryka-staroci.pl\/pl_pl\/wp-json\/wp\/v2\/product_brand?post=943"},{"taxonomy":"product_cat","embeddable":true,"href":"http:\/\/fabryka-staroci.pl\/pl_pl\/wp-json\/wp\/v2\/product_cat?post=943"},{"taxonomy":"product_tag","embeddable":true,"href":"http:\/\/fabryka-staroci.pl\/pl_pl\/wp-json\/wp\/v2\/product_tag?post=943"}],"curies":[{"name":"wp","href":"https:\/\/api.w.org\/{rel}","templated":true}]}}