{"id":967,"date":"2023-09-03T10:43:23","date_gmt":"2023-09-03T10:43:23","guid":{"rendered":"https:\/\/fabryka-staroci.pl\/?post_type=product&#038;p=967"},"modified":"2023-09-28T07:31:51","modified_gmt":"2023-09-28T07:31:51","slug":"wieszak-reklama","status":"publish","type":"product","link":"http:\/\/fabryka-staroci.pl\/pl_pl\/produkt\/wieszak-reklama\/","title":{"rendered":"Wieszak reklama"},"content":{"rendered":"<p>Wieszak, jest reklam\u0105 jeansu. Stan dobry, drobne ryski i otarcia. Wymiary: d\u0142ugo\u015b\u0107 27,5cm; wysoko\u015b\u0107 9cm.<\/p>\n","protected":false},"excerpt":{"rendered":"<p>Wieszak, jest reklam\u0105 jeansu. Stan dobry, drobne ryski i otarcia. Wymiary: d\u0142ugo\u015b\u0107 27,5cm; wysoko\u015b\u0107 9cm.<\/p>\n","protected":false},"featured_media":793,"template":"","meta":[],"product_brand":[],"product_cat":[29,34],"product_tag":[],"class_list":{"0":"post-967","1":"product","2":"type-product","3":"status-publish","4":"has-post-thumbnail","6":"product_cat-dekoracje","7":"product_cat-stara-reklama","8":"product_shipping_class-male-przedmioty","10":"first","11":"instock","12":"shipping-taxable","13":"purchasable","14":"product-type-simple"},"_links":{"self":[{"href":"http:\/\/fabryka-staroci.pl\/pl_pl\/wp-json\/wp\/v2\/product\/967","targetHints":{"allow":["GET"]}}],"collection":[{"href":"http:\/\/fabryka-staroci.pl\/pl_pl\/wp-json\/wp\/v2\/product"}],"about":[{"href":"http:\/\/fabryka-staroci.pl\/pl_pl\/wp-json\/wp\/v2\/types\/product"}],"wp:featuredmedia":[{"embeddable":true,"href":"http:\/\/fabryka-staroci.pl\/pl_pl\/wp-json\/wp\/v2\/media\/793"}],"wp:attachment":[{"href":"http:\/\/fabryka-staroci.pl\/pl_pl\/wp-json\/wp\/v2\/media?parent=967"}],"wp:term":[{"taxonomy":"product_brand","embeddable":true,"href":"http:\/\/fabryka-staroci.pl\/pl_pl\/wp-json\/wp\/v2\/product_brand?post=967"},{"taxonomy":"product_cat","embeddable":true,"href":"http:\/\/fabryka-staroci.pl\/pl_pl\/wp-json\/wp\/v2\/product_cat?post=967"},{"taxonomy":"product_tag","embeddable":true,"href":"http:\/\/fabryka-staroci.pl\/pl_pl\/wp-json\/wp\/v2\/product_tag?post=967"}],"curies":[{"name":"wp","href":"https:\/\/api.w.org\/{rel}","templated":true}]}}