{"id":975,"date":"2023-08-07T18:21:22","date_gmt":"2023-08-07T18:21:22","guid":{"rendered":"https:\/\/fabryka-staroci.pl\/?post_type=product&#038;p=975"},"modified":"2023-08-07T18:23:01","modified_gmt":"2023-08-07T18:23:01","slug":"stolek-metalowy-yasu-sasamoto-dulton-lotus","status":"publish","type":"product","link":"http:\/\/fabryka-staroci.pl\/pl_pl\/produkt\/stolek-metalowy-yasu-sasamoto-dulton-lotus\/","title":{"rendered":"Sto\u0142ek metalowy &#8211; Yasu Sasamoto (Dulton Lotus)"},"content":{"rendered":"<p>Prawdziwa ikona stylu. Firmy Dulton Lotus, kolor ko\u015b\u0107 s\u0142oniowa, model Space, znanego japo\u0144skiego projektanta Yasu Sasamoto. Kraj pochodzenia Japonia, pi\u0119kny przyk\u0142ad japo\u0144skiego wzornictwa. Szacowany okres po 2000 roku. Stan bardzo dobry. Wymiary: wysoko\u015b\u0107 52cm x szeroko\u015b\u0107 39cmx podstawa 39cm.<\/p>\n","protected":false},"excerpt":{"rendered":"<p>Prawdziwa ikona stylu. Firmy Dulton Lotus, kolor ko\u015b\u0107 s\u0142oniowa, model Space, znanego japo\u0144skiego projektanta Yasu Sasamoto. Kraj pochodzenia Japonia, pi\u0119kny przyk\u0142ad japo\u0144skiego wzornictwa. Szacowany okres po 2000 roku. Stan bardzo dobry. Wymiary: wysoko\u015b\u0107 52cm x szeroko\u015b\u0107 39cmx podstawa 39cm.<\/p>\n","protected":false},"featured_media":782,"template":"","meta":[],"product_brand":[],"product_cat":[29,36,27],"product_tag":[],"class_list":{"0":"post-975","1":"product","2":"type-product","3":"status-publish","4":"has-post-thumbnail","6":"product_cat-dekoracje","7":"product_cat-inne","8":"product_cat-nowosci","9":"product_shipping_class-duze-przedmioty","11":"first","12":"instock","13":"shipping-taxable","14":"purchasable","15":"product-type-simple"},"_links":{"self":[{"href":"http:\/\/fabryka-staroci.pl\/pl_pl\/wp-json\/wp\/v2\/product\/975","targetHints":{"allow":["GET"]}}],"collection":[{"href":"http:\/\/fabryka-staroci.pl\/pl_pl\/wp-json\/wp\/v2\/product"}],"about":[{"href":"http:\/\/fabryka-staroci.pl\/pl_pl\/wp-json\/wp\/v2\/types\/product"}],"wp:featuredmedia":[{"embeddable":true,"href":"http:\/\/fabryka-staroci.pl\/pl_pl\/wp-json\/wp\/v2\/media\/782"}],"wp:attachment":[{"href":"http:\/\/fabryka-staroci.pl\/pl_pl\/wp-json\/wp\/v2\/media?parent=975"}],"wp:term":[{"taxonomy":"product_brand","embeddable":true,"href":"http:\/\/fabryka-staroci.pl\/pl_pl\/wp-json\/wp\/v2\/product_brand?post=975"},{"taxonomy":"product_cat","embeddable":true,"href":"http:\/\/fabryka-staroci.pl\/pl_pl\/wp-json\/wp\/v2\/product_cat?post=975"},{"taxonomy":"product_tag","embeddable":true,"href":"http:\/\/fabryka-staroci.pl\/pl_pl\/wp-json\/wp\/v2\/product_tag?post=975"}],"curies":[{"name":"wp","href":"https:\/\/api.w.org\/{rel}","templated":true}]}}