{"id":980,"date":"2023-08-08T19:01:15","date_gmt":"2023-08-08T19:01:15","guid":{"rendered":"https:\/\/fabryka-staroci.pl\/?post_type=product&#038;p=980"},"modified":"2023-08-08T19:02:01","modified_gmt":"2023-08-08T19:02:01","slug":"obraz-rybak","status":"publish","type":"product","link":"http:\/\/fabryka-staroci.pl\/pl_pl\/produkt\/obraz-rybak\/","title":{"rendered":"Obraz &#8222;Rybak&#8221;"},"content":{"rendered":"<p>Obraz\u00a0 na p\u0142\u00f3tnie, przedstawiaj\u0105cy\u00a0rybaka. Autor: Borowicz, obraz z 1970 roku. Wymiary: 30cm x 24cm<\/p>\n","protected":false},"excerpt":{"rendered":"<p>Obraz\u00a0 na p\u0142\u00f3tnie, przedstawiaj\u0105cy\u00a0rybaka. Autor: Borowicz, obraz z 1970 roku. Wymiary: 30cm x 24cm<\/p>\n","protected":false},"featured_media":753,"template":"","meta":[],"product_brand":[],"product_cat":[29,36],"product_tag":[],"class_list":{"0":"post-980","1":"product","2":"type-product","3":"status-publish","4":"has-post-thumbnail","6":"product_cat-dekoracje","7":"product_cat-inne","8":"product_shipping_class-male-przedmioty","10":"first","11":"instock","12":"shipping-taxable","13":"purchasable","14":"product-type-simple"},"_links":{"self":[{"href":"http:\/\/fabryka-staroci.pl\/pl_pl\/wp-json\/wp\/v2\/product\/980","targetHints":{"allow":["GET"]}}],"collection":[{"href":"http:\/\/fabryka-staroci.pl\/pl_pl\/wp-json\/wp\/v2\/product"}],"about":[{"href":"http:\/\/fabryka-staroci.pl\/pl_pl\/wp-json\/wp\/v2\/types\/product"}],"wp:featuredmedia":[{"embeddable":true,"href":"http:\/\/fabryka-staroci.pl\/pl_pl\/wp-json\/wp\/v2\/media\/753"}],"wp:attachment":[{"href":"http:\/\/fabryka-staroci.pl\/pl_pl\/wp-json\/wp\/v2\/media?parent=980"}],"wp:term":[{"taxonomy":"product_brand","embeddable":true,"href":"http:\/\/fabryka-staroci.pl\/pl_pl\/wp-json\/wp\/v2\/product_brand?post=980"},{"taxonomy":"product_cat","embeddable":true,"href":"http:\/\/fabryka-staroci.pl\/pl_pl\/wp-json\/wp\/v2\/product_cat?post=980"},{"taxonomy":"product_tag","embeddable":true,"href":"http:\/\/fabryka-staroci.pl\/pl_pl\/wp-json\/wp\/v2\/product_tag?post=980"}],"curies":[{"name":"wp","href":"https:\/\/api.w.org\/{rel}","templated":true}]}}