{"id":988,"date":"2023-08-08T18:39:12","date_gmt":"2023-08-08T18:39:12","guid":{"rendered":"https:\/\/fabryka-staroci.pl\/?post_type=product&#038;p=988"},"modified":"2023-08-08T18:39:12","modified_gmt":"2023-08-08T18:39:12","slug":"lampa","status":"publish","type":"product","link":"http:\/\/fabryka-staroci.pl\/pl_pl\/produkt\/lampa\/","title":{"rendered":"Lampa"},"content":{"rendered":"<p>Lampa w stylu vintage z nietypowym, sk\u00f3rzanym aba\u017curem i metalowym stojakiem. Wykonana r\u0119cznie. Rozmiar sk\u00f3rzanego klosza: wysoko\u015b\u0107-40cm, szeroko\u015b\u0107-22cm.<\/p>\n","protected":false},"excerpt":{"rendered":"<p>Lampa w stylu vintage z nietypowym, sk\u00f3rzanym aba\u017curem i metalowym stojakiem. Wykonana r\u0119cznie. Rozmiar sk\u00f3rzanego klosza: wysoko\u015b\u0107-40cm, szeroko\u015b\u0107-22cm.<\/p>\n","protected":false},"featured_media":730,"template":"","meta":[],"product_brand":[],"product_cat":[29,36],"product_tag":[],"class_list":{"0":"post-988","1":"product","2":"type-product","3":"status-publish","4":"has-post-thumbnail","6":"product_cat-dekoracje","7":"product_cat-inne","8":"product_shipping_class-duze-przedmioty","10":"first","11":"instock","12":"shipping-taxable","13":"purchasable","14":"product-type-simple"},"_links":{"self":[{"href":"http:\/\/fabryka-staroci.pl\/pl_pl\/wp-json\/wp\/v2\/product\/988","targetHints":{"allow":["GET"]}}],"collection":[{"href":"http:\/\/fabryka-staroci.pl\/pl_pl\/wp-json\/wp\/v2\/product"}],"about":[{"href":"http:\/\/fabryka-staroci.pl\/pl_pl\/wp-json\/wp\/v2\/types\/product"}],"wp:featuredmedia":[{"embeddable":true,"href":"http:\/\/fabryka-staroci.pl\/pl_pl\/wp-json\/wp\/v2\/media\/730"}],"wp:attachment":[{"href":"http:\/\/fabryka-staroci.pl\/pl_pl\/wp-json\/wp\/v2\/media?parent=988"}],"wp:term":[{"taxonomy":"product_brand","embeddable":true,"href":"http:\/\/fabryka-staroci.pl\/pl_pl\/wp-json\/wp\/v2\/product_brand?post=988"},{"taxonomy":"product_cat","embeddable":true,"href":"http:\/\/fabryka-staroci.pl\/pl_pl\/wp-json\/wp\/v2\/product_cat?post=988"},{"taxonomy":"product_tag","embeddable":true,"href":"http:\/\/fabryka-staroci.pl\/pl_pl\/wp-json\/wp\/v2\/product_tag?post=988"}],"curies":[{"name":"wp","href":"https:\/\/api.w.org\/{rel}","templated":true}]}}