{"id":1007,"date":"2023-07-19T16:42:10","date_gmt":"2023-07-19T16:42:10","guid":{"rendered":"https:\/\/fabryka-staroci.pl\/?post_type=product&#038;p=1007"},"modified":"2023-08-08T18:18:45","modified_gmt":"2023-08-08T18:18:45","slug":"prawidla-i","status":"publish","type":"product","link":"https:\/\/fabryka-staroci.pl\/en\/product\/prawidla-i\/","title":{"rendered":"Prawid\u0142a I"},"content":{"rendered":"<p>Drewniane prawid\u0142a nr 42-43, nosz\u0105ce \u015blady u\u017cytkowania. Wymiar: d\u0142ugo\u015b\u0107 25cm , szeroko\u015b\u0107 8,5cm. Stanowi\u0105 element dekoracyjny lub kolekcjonerski.<\/p>","protected":false},"excerpt":{"rendered":"<p>Drewniane prawid\u0142a nr 42-43, nosz\u0105ce \u015blady u\u017cytkowania. Wymiar: d\u0142ugo\u015b\u0107 25cm , szeroko\u015b\u0107 8,5cm. Stanowi\u0105 element dekoracyjny lub kolekcjonerski.<\/p>","protected":false},"featured_media":697,"template":"","meta":[],"product_brand":[],"product_cat":[29,35,36],"product_tag":[],"class_list":{"0":"post-1007","1":"product","2":"type-product","3":"status-publish","4":"has-post-thumbnail","6":"product_cat-dekoracje","7":"product_cat-drewno","8":"product_cat-inne","9":"product_shipping_class-male-przedmioty","11":"first","12":"instock","13":"shipping-taxable","14":"purchasable","15":"product-type-simple"},"_links":{"self":[{"href":"https:\/\/fabryka-staroci.pl\/en\/wp-json\/wp\/v2\/product\/1007","targetHints":{"allow":["GET"]}}],"collection":[{"href":"https:\/\/fabryka-staroci.pl\/en\/wp-json\/wp\/v2\/product"}],"about":[{"href":"https:\/\/fabryka-staroci.pl\/en\/wp-json\/wp\/v2\/types\/product"}],"wp:featuredmedia":[{"embeddable":true,"href":"https:\/\/fabryka-staroci.pl\/en\/wp-json\/wp\/v2\/media\/697"}],"wp:attachment":[{"href":"https:\/\/fabryka-staroci.pl\/en\/wp-json\/wp\/v2\/media?parent=1007"}],"wp:term":[{"taxonomy":"product_brand","embeddable":true,"href":"https:\/\/fabryka-staroci.pl\/en\/wp-json\/wp\/v2\/product_brand?post=1007"},{"taxonomy":"product_cat","embeddable":true,"href":"https:\/\/fabryka-staroci.pl\/en\/wp-json\/wp\/v2\/product_cat?post=1007"},{"taxonomy":"product_tag","embeddable":true,"href":"https:\/\/fabryka-staroci.pl\/en\/wp-json\/wp\/v2\/product_tag?post=1007"}],"curies":[{"name":"wp","href":"https:\/\/api.w.org\/{rel}","templated":true}]}}