{"id":1008,"date":"2023-08-08T16:33:29","date_gmt":"2023-08-08T16:33:29","guid":{"rendered":"https:\/\/fabryka-staroci.pl\/?post_type=product&#038;p=1008"},"modified":"2023-08-08T16:33:29","modified_gmt":"2023-08-08T16:33:29","slug":"prawidla-ii","status":"publish","type":"product","link":"https:\/\/fabryka-staroci.pl\/en\/product\/prawidla-ii\/","title":{"rendered":"Prawid\u0142a II"},"content":{"rendered":"<p>Stare, drewniane prawid\u0142a nr.9,5 firmy Mercedes &#8211; komplet. Wymiary: d\u0142ugo\u015b\u0107 28,5cm, szeroko\u015b\u0107 8,5cm, wysoko\u015b\u0107 7cm. Przedmiot kolekcjonerski, lub ozdobny.<\/p>","protected":false},"excerpt":{"rendered":"<p>Stare, drewniane prawid\u0142a nr.9,5 firmy Mercedes &#8211; komplet. Wymiary: d\u0142ugo\u015b\u0107 28,5cm, szeroko\u015b\u0107 8,5cm, wysoko\u015b\u0107 7cm. Przedmiot kolekcjonerski, lub ozdobny.<\/p>","protected":false},"featured_media":694,"template":"","meta":[],"product_brand":[],"product_cat":[29,35,36],"product_tag":[],"class_list":{"0":"post-1008","1":"product","2":"type-product","3":"status-publish","4":"has-post-thumbnail","6":"product_cat-dekoracje","7":"product_cat-drewno","8":"product_cat-inne","9":"product_shipping_class-male-przedmioty","11":"first","12":"instock","13":"shipping-taxable","14":"purchasable","15":"product-type-simple"},"_links":{"self":[{"href":"https:\/\/fabryka-staroci.pl\/en\/wp-json\/wp\/v2\/product\/1008","targetHints":{"allow":["GET"]}}],"collection":[{"href":"https:\/\/fabryka-staroci.pl\/en\/wp-json\/wp\/v2\/product"}],"about":[{"href":"https:\/\/fabryka-staroci.pl\/en\/wp-json\/wp\/v2\/types\/product"}],"wp:featuredmedia":[{"embeddable":true,"href":"https:\/\/fabryka-staroci.pl\/en\/wp-json\/wp\/v2\/media\/694"}],"wp:attachment":[{"href":"https:\/\/fabryka-staroci.pl\/en\/wp-json\/wp\/v2\/media?parent=1008"}],"wp:term":[{"taxonomy":"product_brand","embeddable":true,"href":"https:\/\/fabryka-staroci.pl\/en\/wp-json\/wp\/v2\/product_brand?post=1008"},{"taxonomy":"product_cat","embeddable":true,"href":"https:\/\/fabryka-staroci.pl\/en\/wp-json\/wp\/v2\/product_cat?post=1008"},{"taxonomy":"product_tag","embeddable":true,"href":"https:\/\/fabryka-staroci.pl\/en\/wp-json\/wp\/v2\/product_tag?post=1008"}],"curies":[{"name":"wp","href":"https:\/\/api.w.org\/{rel}","templated":true}]}}