{"id":1013,"date":"2023-08-08T18:03:58","date_gmt":"2023-08-08T18:03:58","guid":{"rendered":"https:\/\/fabryka-staroci.pl\/?post_type=product&#038;p=1013"},"modified":"2023-08-08T18:03:58","modified_gmt":"2023-08-08T18:03:58","slug":"drewniana-skrzynka","status":"publish","type":"product","link":"https:\/\/fabryka-staroci.pl\/en\/product\/drewniana-skrzynka\/","title":{"rendered":"Drewniana skrzynka"},"content":{"rendered":"<p>Francuska, drewniana skrzynka na wino. Datowanie 1989 rok. Wymiary: d\u0142ugo\u015b\u0107 33cm, wysoko\u015b\u0107 9,5cm, g\u0142\u0119boko\u015b\u0107 26cm.<\/p>","protected":false},"excerpt":{"rendered":"<p>Francuska, drewniana skrzynka na wino. Datowanie 1989 rok. Wymiary: d\u0142ugo\u015b\u0107 33cm, wysoko\u015b\u0107 9,5cm, g\u0142\u0119boko\u015b\u0107 26cm.<\/p>","protected":false},"featured_media":681,"template":"","meta":[],"product_brand":[],"product_cat":[29,35,36],"product_tag":[],"class_list":{"0":"post-1013","1":"product","2":"type-product","3":"status-publish","4":"has-post-thumbnail","6":"product_cat-dekoracje","7":"product_cat-drewno","8":"product_cat-inne","9":"product_shipping_class-srednie-przedmioty","11":"first","12":"instock","13":"shipping-taxable","14":"purchasable","15":"product-type-simple"},"_links":{"self":[{"href":"https:\/\/fabryka-staroci.pl\/en\/wp-json\/wp\/v2\/product\/1013","targetHints":{"allow":["GET"]}}],"collection":[{"href":"https:\/\/fabryka-staroci.pl\/en\/wp-json\/wp\/v2\/product"}],"about":[{"href":"https:\/\/fabryka-staroci.pl\/en\/wp-json\/wp\/v2\/types\/product"}],"wp:featuredmedia":[{"embeddable":true,"href":"https:\/\/fabryka-staroci.pl\/en\/wp-json\/wp\/v2\/media\/681"}],"wp:attachment":[{"href":"https:\/\/fabryka-staroci.pl\/en\/wp-json\/wp\/v2\/media?parent=1013"}],"wp:term":[{"taxonomy":"product_brand","embeddable":true,"href":"https:\/\/fabryka-staroci.pl\/en\/wp-json\/wp\/v2\/product_brand?post=1013"},{"taxonomy":"product_cat","embeddable":true,"href":"https:\/\/fabryka-staroci.pl\/en\/wp-json\/wp\/v2\/product_cat?post=1013"},{"taxonomy":"product_tag","embeddable":true,"href":"https:\/\/fabryka-staroci.pl\/en\/wp-json\/wp\/v2\/product_tag?post=1013"}],"curies":[{"name":"wp","href":"https:\/\/api.w.org\/{rel}","templated":true}]}}