{"id":1014,"date":"2023-08-08T16:22:34","date_gmt":"2023-08-08T16:22:34","guid":{"rendered":"https:\/\/fabryka-staroci.pl\/?post_type=product&#038;p=1014"},"modified":"2023-08-08T16:22:34","modified_gmt":"2023-08-08T16:22:34","slug":"drewniany-zacisk-maly","status":"publish","type":"product","link":"https:\/\/fabryka-staroci.pl\/en\/product\/drewniany-zacisk-maly\/","title":{"rendered":"Drewniany zacisk &#8211; ma\u0142y"},"content":{"rendered":"<p>Stare imad\u0142o, zacisk. Stolarskie narz\u0119dzie. Nosi \u015blady u\u017cytkowania. Wymiary ramki: szeroko\u015b\u0107 15cm, wysoko\u015b\u0107 18cm, grubo\u015b\u0107 3,5cm. D\u0142ugo\u015b\u0107 \u015bruby z r\u0105czk\u0105\u00a0 25cm.<\/p>","protected":false},"excerpt":{"rendered":"<p>Stare imad\u0142o, zacisk. Stolarskie narz\u0119dzie. Nosi \u015blady u\u017cytkowania. Wymiary ramki: szeroko\u015b\u0107 15cm, wysoko\u015b\u0107 18cm, grubo\u015b\u0107 3,5cm. D\u0142ugo\u015b\u0107 \u015bruby z r\u0105czk\u0105\u00a0 25cm.<\/p>","protected":false},"featured_media":678,"template":"","meta":[],"product_brand":[],"product_cat":[29,35,36],"product_tag":[],"class_list":{"0":"post-1014","1":"product","2":"type-product","3":"status-publish","4":"has-post-thumbnail","6":"product_cat-dekoracje","7":"product_cat-drewno","8":"product_cat-inne","9":"product_shipping_class-male-przedmioty","11":"first","12":"instock","13":"shipping-taxable","14":"purchasable","15":"product-type-simple"},"_links":{"self":[{"href":"https:\/\/fabryka-staroci.pl\/en\/wp-json\/wp\/v2\/product\/1014","targetHints":{"allow":["GET"]}}],"collection":[{"href":"https:\/\/fabryka-staroci.pl\/en\/wp-json\/wp\/v2\/product"}],"about":[{"href":"https:\/\/fabryka-staroci.pl\/en\/wp-json\/wp\/v2\/types\/product"}],"wp:featuredmedia":[{"embeddable":true,"href":"https:\/\/fabryka-staroci.pl\/en\/wp-json\/wp\/v2\/media\/678"}],"wp:attachment":[{"href":"https:\/\/fabryka-staroci.pl\/en\/wp-json\/wp\/v2\/media?parent=1014"}],"wp:term":[{"taxonomy":"product_brand","embeddable":true,"href":"https:\/\/fabryka-staroci.pl\/en\/wp-json\/wp\/v2\/product_brand?post=1014"},{"taxonomy":"product_cat","embeddable":true,"href":"https:\/\/fabryka-staroci.pl\/en\/wp-json\/wp\/v2\/product_cat?post=1014"},{"taxonomy":"product_tag","embeddable":true,"href":"https:\/\/fabryka-staroci.pl\/en\/wp-json\/wp\/v2\/product_tag?post=1014"}],"curies":[{"name":"wp","href":"https:\/\/api.w.org\/{rel}","templated":true}]}}