{"id":1037,"date":"2023-08-08T16:20:02","date_gmt":"2023-08-08T16:20:02","guid":{"rendered":"https:\/\/fabryka-staroci.pl\/?post_type=product&#038;p=1037"},"modified":"2023-08-08T16:20:02","modified_gmt":"2023-08-08T16:20:02","slug":"drewniany-zacisk-duzy","status":"publish","type":"product","link":"https:\/\/fabryka-staroci.pl\/en\/product\/drewniany-zacisk-duzy\/","title":{"rendered":"Drewniany zacisk &#8211; du\u017cy"},"content":{"rendered":"<p>Stary, drewniany zacisk, imad\u0142o stolarskie. Przedmiot nosi \u015blady u\u017cytkowania. Wymiary ramki: szeroko\u015b\u0107 21cm, wysoko\u015b\u0107 24cm, grubo\u015b\u0107 4,5cm. D\u0142ugo\u015b\u0107 \u015bruby z r\u0105czk\u0105 21,5cm.<\/p>","protected":false},"excerpt":{"rendered":"<p>Stary, drewniany zacisk, imad\u0142o stolarskie. Przedmiot nosi \u015blady u\u017cytkowania. Wymiary ramki: szeroko\u015b\u0107 21cm, wysoko\u015b\u0107 24cm, grubo\u015b\u0107 4,5cm. D\u0142ugo\u015b\u0107 \u015bruby z r\u0105czk\u0105 21,5cm.<\/p>","protected":false},"featured_media":676,"template":"","meta":[],"product_brand":[],"product_cat":[29,35,36],"product_tag":[],"class_list":{"0":"post-1037","1":"product","2":"type-product","3":"status-publish","4":"has-post-thumbnail","6":"product_cat-dekoracje","7":"product_cat-drewno","8":"product_cat-inne","9":"product_shipping_class-male-przedmioty","11":"first","12":"instock","13":"shipping-taxable","14":"purchasable","15":"product-type-simple"},"_links":{"self":[{"href":"https:\/\/fabryka-staroci.pl\/en\/wp-json\/wp\/v2\/product\/1037","targetHints":{"allow":["GET"]}}],"collection":[{"href":"https:\/\/fabryka-staroci.pl\/en\/wp-json\/wp\/v2\/product"}],"about":[{"href":"https:\/\/fabryka-staroci.pl\/en\/wp-json\/wp\/v2\/types\/product"}],"wp:featuredmedia":[{"embeddable":true,"href":"https:\/\/fabryka-staroci.pl\/en\/wp-json\/wp\/v2\/media\/676"}],"wp:attachment":[{"href":"https:\/\/fabryka-staroci.pl\/en\/wp-json\/wp\/v2\/media?parent=1037"}],"wp:term":[{"taxonomy":"product_brand","embeddable":true,"href":"https:\/\/fabryka-staroci.pl\/en\/wp-json\/wp\/v2\/product_brand?post=1037"},{"taxonomy":"product_cat","embeddable":true,"href":"https:\/\/fabryka-staroci.pl\/en\/wp-json\/wp\/v2\/product_cat?post=1037"},{"taxonomy":"product_tag","embeddable":true,"href":"https:\/\/fabryka-staroci.pl\/en\/wp-json\/wp\/v2\/product_tag?post=1037"}],"curies":[{"name":"wp","href":"https:\/\/api.w.org\/{rel}","templated":true}]}}