{"id":1096,"date":"2023-08-07T19:29:36","date_gmt":"2023-08-07T19:29:36","guid":{"rendered":"https:\/\/fabryka-staroci.pl\/?post_type=product&#038;p=1096"},"modified":"2023-08-07T19:29:36","modified_gmt":"2023-08-07T19:29:36","slug":"tablica-reklamowa-j-peacock-golf-equipment-attire","status":"publish","type":"product","link":"https:\/\/fabryka-staroci.pl\/en\/product\/tablica-reklamowa-j-peacock-golf-equipment-attire\/","title":{"rendered":"Tablica reklamowa &#8211; J. Peacock Golf Equipment Attire"},"content":{"rendered":"<p>Stary szyld reklamowy J. Peacock Golf Equipment Attire , w ca\u0142o\u015bci wykonany z drewna, r\u0119cznie malowany. Wymiary: wysoko\u015b\u0107- 91cm, szeroko\u015b\u0107- 61cm, grubo\u015b\u0107- 2cm.<\/p>","protected":false},"excerpt":{"rendered":"<p>Stary szyld reklamowy J. Peacock Golf Equipment Attire , w ca\u0142o\u015bci wykonany z drewna, r\u0119cznie malowany. Wymiary: wysoko\u015b\u0107- 91cm, szeroko\u015b\u0107- 61cm, grubo\u015b\u0107- 2cm.<\/p>","protected":false},"featured_media":1071,"template":"","meta":[],"product_brand":[],"product_cat":[29,35,36,34],"product_tag":[],"class_list":{"0":"post-1096","1":"product","2":"type-product","3":"status-publish","4":"has-post-thumbnail","6":"product_cat-dekoracje","7":"product_cat-drewno","8":"product_cat-inne","9":"product_cat-stara-reklama","10":"product_shipping_class-duze-przedmioty","12":"first","13":"instock","14":"shipping-taxable","15":"purchasable","16":"product-type-simple"},"_links":{"self":[{"href":"https:\/\/fabryka-staroci.pl\/en\/wp-json\/wp\/v2\/product\/1096","targetHints":{"allow":["GET"]}}],"collection":[{"href":"https:\/\/fabryka-staroci.pl\/en\/wp-json\/wp\/v2\/product"}],"about":[{"href":"https:\/\/fabryka-staroci.pl\/en\/wp-json\/wp\/v2\/types\/product"}],"wp:featuredmedia":[{"embeddable":true,"href":"https:\/\/fabryka-staroci.pl\/en\/wp-json\/wp\/v2\/media\/1071"}],"wp:attachment":[{"href":"https:\/\/fabryka-staroci.pl\/en\/wp-json\/wp\/v2\/media?parent=1096"}],"wp:term":[{"taxonomy":"product_brand","embeddable":true,"href":"https:\/\/fabryka-staroci.pl\/en\/wp-json\/wp\/v2\/product_brand?post=1096"},{"taxonomy":"product_cat","embeddable":true,"href":"https:\/\/fabryka-staroci.pl\/en\/wp-json\/wp\/v2\/product_cat?post=1096"},{"taxonomy":"product_tag","embeddable":true,"href":"https:\/\/fabryka-staroci.pl\/en\/wp-json\/wp\/v2\/product_tag?post=1096"}],"curies":[{"name":"wp","href":"https:\/\/api.w.org\/{rel}","templated":true}]}}