{"id":1144,"date":"2023-09-03T10:21:31","date_gmt":"2023-09-03T10:21:31","guid":{"rendered":"https:\/\/fabryka-staroci.pl\/?post_type=product&#038;p=1144"},"modified":"2023-09-03T10:21:31","modified_gmt":"2023-09-03T10:21:31","slug":"diorama","status":"publish","type":"product","link":"https:\/\/fabryka-staroci.pl\/en\/product\/diorama\/","title":{"rendered":"Diorama"},"content":{"rendered":"<p>Diorama przedstawiaj\u0105ca przedmioty zwi\u0105zane z winem. Kraj pochodzenia W\u0142ochy. Wymiary: wysoko\u015b\u0107 32,5cm; szeroko\u015b\u0107 26cm; g\u0142\u0119boko\u015b\u0107 5cm<\/p>","protected":false},"excerpt":{"rendered":"<p>Diorama przedstawiaj\u0105ca przedmioty zwi\u0105zane z winem. Kraj pochodzenia W\u0142ochy. Wymiary: wysoko\u015b\u0107 32,5cm; szeroko\u015b\u0107 26cm; g\u0142\u0119boko\u015b\u0107 5cm<\/p>","protected":false},"featured_media":1135,"template":"","meta":[],"product_brand":[],"product_cat":[29,35,36],"product_tag":[],"class_list":{"0":"post-1144","1":"product","2":"type-product","3":"status-publish","4":"has-post-thumbnail","6":"product_cat-dekoracje","7":"product_cat-drewno","8":"product_cat-inne","9":"product_shipping_class-male-przedmioty","11":"first","12":"instock","13":"shipping-taxable","14":"purchasable","15":"product-type-simple"},"_links":{"self":[{"href":"https:\/\/fabryka-staroci.pl\/en\/wp-json\/wp\/v2\/product\/1144","targetHints":{"allow":["GET"]}}],"collection":[{"href":"https:\/\/fabryka-staroci.pl\/en\/wp-json\/wp\/v2\/product"}],"about":[{"href":"https:\/\/fabryka-staroci.pl\/en\/wp-json\/wp\/v2\/types\/product"}],"wp:featuredmedia":[{"embeddable":true,"href":"https:\/\/fabryka-staroci.pl\/en\/wp-json\/wp\/v2\/media\/1135"}],"wp:attachment":[{"href":"https:\/\/fabryka-staroci.pl\/en\/wp-json\/wp\/v2\/media?parent=1144"}],"wp:term":[{"taxonomy":"product_brand","embeddable":true,"href":"https:\/\/fabryka-staroci.pl\/en\/wp-json\/wp\/v2\/product_brand?post=1144"},{"taxonomy":"product_cat","embeddable":true,"href":"https:\/\/fabryka-staroci.pl\/en\/wp-json\/wp\/v2\/product_cat?post=1144"},{"taxonomy":"product_tag","embeddable":true,"href":"https:\/\/fabryka-staroci.pl\/en\/wp-json\/wp\/v2\/product_tag?post=1144"}],"curies":[{"name":"wp","href":"https:\/\/api.w.org\/{rel}","templated":true}]}}